{"id":7782,"date":"2024-02-05T17:36:49","date_gmt":"2024-02-05T16:36:49","guid":{"rendered":"https:\/\/albanien.ch\/albanien_info\/?page_id=7782"},"modified":"2024-02-05T17:39:58","modified_gmt":"2024-02-05T16:39:58","slug":"welche-bestimmungen-gelten-bezuglich-drohnen-in-albanien","status":"publish","type":"page","link":"https:\/\/albanien.ch\/albanien_info\/welche-bestimmungen-gelten-bezuglich-drohnen-in-albanien\/","title":{"rendered":"Welche Bestimmungen gelten bez\u00fcglich Drohnen in Albanien"},"content":{"rendered":"\n<p>In Albanien wurden 2022 von der <a href=\"https:\/\/www.aac.gov.al\/ligje-2\/\" target=\"_blank\" rel=\"noreferrer noopener\">Zivilflugfahrtbeh\u00f6rde AAC<\/a> Bestimmungen erlassen, die praktisch vollst\u00e4ndig die EU-Bestimmungen (<a href=\"https:\/\/eur-lex.europa.eu\/legal-content\/DE\/TXT\/?uri=CELEX%3A32019R0945\" target=\"_blank\" rel=\"noreferrer noopener\">Verordnung 2019\/945<\/a>,  <a href=\"https:\/\/eur-lex.europa.eu\/legal-content\/DE\/TXT\/?uri=CELEX%3A32019R0947\" target=\"_blank\" rel=\"noreferrer noopener\">Verordnung 2019\/947<\/a>) \u00fcbernehmen.<\/p>\n\n\n\n<p>Die albansiche Fimra Albadron bietet Basis-Informationen zu den Regeln in Albanien f\u00fcr Unmaned Aircraft Systems (UAS): <a href=\"https:\/\/albadron.com\/en\/home\/\" target=\"_blank\" rel=\"noreferrer noopener\">albadron.com<\/a>. Dazu geh\u00f6ren auch einige Hinweise zu <a href=\"https:\/\/albadron.com\/en\/flying-your-drone-in-albania\/\" target=\"_blank\" rel=\"noreferrer noopener\">Flugzonen<\/a>.<\/p>\n\n\n\n<figure class=\"wp-block-image size-large\"><img data-recalc-dims=\"1\" loading=\"lazy\" decoding=\"async\" width=\"525\" height=\"286\" data-attachment-id=\"7795\" data-permalink=\"https:\/\/albanien.ch\/albanien_info\/drohne-am-strand\/\" data-orig-file=\"https:\/\/i0.wp.com\/albanien.ch\/albanien_info\/wp-content\/uploads\/2024\/02\/Drohne-am-Strand.jpg?fit=2500%2C1363&amp;ssl=1\" data-orig-size=\"2500,1363\" data-comments-opened=\"1\" data-image-meta=\"{&quot;aperture&quot;:&quot;0&quot;,&quot;credit&quot;:&quot;&quot;,&quot;camera&quot;:&quot;&quot;,&quot;caption&quot;:&quot;&quot;,&quot;created_timestamp&quot;:&quot;0&quot;,&quot;copyright&quot;:&quot;&quot;,&quot;focal_length&quot;:&quot;0&quot;,&quot;iso&quot;:&quot;0&quot;,&quot;shutter_speed&quot;:&quot;0&quot;,&quot;title&quot;:&quot;&quot;,&quot;orientation&quot;:&quot;0&quot;}\" data-image-title=\"Drohne am Strand\" data-image-description=\"&lt;p&gt;Drohne am Strand \u2013\u00a0Gjipe, Albanische Riviera&lt;\/p&gt;\n\" data-image-caption=\"&lt;p&gt;Drohne am Strand \u2013\u00a0Gjipe, Albanische Riviera&lt;\/p&gt;\n\" data-medium-file=\"https:\/\/i0.wp.com\/albanien.ch\/albanien_info\/wp-content\/uploads\/2024\/02\/Drohne-am-Strand.jpg?fit=300%2C164&amp;ssl=1\" data-large-file=\"https:\/\/i0.wp.com\/albanien.ch\/albanien_info\/wp-content\/uploads\/2024\/02\/Drohne-am-Strand.jpg?fit=525%2C286&amp;ssl=1\" src=\"https:\/\/i0.wp.com\/albanien.ch\/albanien_info\/wp-content\/uploads\/2024\/02\/Drohne-am-Strand.jpg?resize=525%2C286&#038;ssl=1\" alt=\"Drohne am Strand\" class=\"wp-image-7795\" srcset=\"https:\/\/i0.wp.com\/albanien.ch\/albanien_info\/wp-content\/uploads\/2024\/02\/Drohne-am-Strand.jpg?resize=1024%2C558&amp;ssl=1 1024w, https:\/\/i0.wp.com\/albanien.ch\/albanien_info\/wp-content\/uploads\/2024\/02\/Drohne-am-Strand.jpg?resize=300%2C164&amp;ssl=1 300w, https:\/\/i0.wp.com\/albanien.ch\/albanien_info\/wp-content\/uploads\/2024\/02\/Drohne-am-Strand.jpg?resize=768%2C419&amp;ssl=1 768w, https:\/\/i0.wp.com\/albanien.ch\/albanien_info\/wp-content\/uploads\/2024\/02\/Drohne-am-Strand.jpg?resize=1536%2C837&amp;ssl=1 1536w, https:\/\/i0.wp.com\/albanien.ch\/albanien_info\/wp-content\/uploads\/2024\/02\/Drohne-am-Strand.jpg?resize=2048%2C1117&amp;ssl=1 2048w\" sizes=\"auto, (max-width: 525px) 100vw, 525px\" \/><figcaption class=\"wp-element-caption\">Drohne am Strand \u2013&nbsp;Gjipe, Albanische Riviera<\/figcaption><\/figure>\n\n\n\n<div class=\"wp-block-buttons is-layout-flex wp-block-buttons-is-layout-flex\">\n<div class=\"wp-block-button\"><a class=\"wp-block-button__link has-background wp-element-button\" href=\"https:\/\/www.albanien.ch\/forum\/p3\/viewtopic.php?t=18331\" style=\"border-radius:7px;background-color:#cc0000\">Forum: Bestimmungen f\u00fcr Drohnen<\/a><\/div>\n<\/div>\n\n\n\n<div style=\"height:100px\" aria-hidden=\"true\" class=\"wp-block-spacer\"><\/div>\n\n\n\n<div class=\"wp-block-columns is-layout-flex wp-container-core-columns-is-layout-9d6595d7 wp-block-columns-is-layout-flex\">\n<div class=\"wp-block-column simple-alert-boxes sab_plain sab_small is-layout-flow wp-block-column-is-layout-flow\">\n<p class=\"has-small-font-size\">Wir <a href=\"https:\/\/albanien.ch\/albanien_info\/ueber-uns\/\">Autoren<\/a> dieser Seite bereisen Albanien teilweise schon sei 30 Jahren. Wir teilen hier unser Wissen und unsere pers\u00f6nlichen Erfahrungen. <a href=\"https:\/\/albanien.ch\/albanien_info\/ueber-uns\/feedback\/\">Feedback<\/a> ist immer willkommen.<\/p>\n<\/div>\n\n\n\n<div class=\"wp-block-column simple-alert-boxes sab_plain sab_small is-layout-flow wp-block-column-is-layout-flow\">\n<p class=\"has-small-font-size\"><strong>Vollst\u00e4ndig \u00fcberpr\u00fcft und \u00fcberarbeitet:<\/strong><\/p>\n\n\n<div class=\"wp-block-post-date has-small-font-size\"><time datetime=\"2024-02-05T17:36:49+01:00\">5. Februar 2024<\/time><\/div><\/div>\n\n\n\n<div class=\"wp-block-column simple-alert-boxes sab_plain sab_small is-layout-flow wp-block-column-is-layout-flow\">\n<p class=\"has-small-font-size\"><strong>Verwandte Themen:<\/strong><\/p>\n\n\n<div class=\"taxonomy-post_tag wp-block-post-terms\"><a href=\"https:\/\/albanien.ch\/albanien_info\/tag\/drohnen\/\" rel=\"tag\">Drohnen<\/a><span class=\"wp-block-post-terms__separator\">, <\/span><a href=\"https:\/\/albanien.ch\/albanien_info\/tag\/faq\/\" rel=\"tag\">FAQ<\/a><span class=\"wp-block-post-terms__separator\">, <\/span><a href=\"https:\/\/albanien.ch\/albanien_info\/tag\/fotografie\/\" rel=\"tag\">Fotografie<\/a><\/div><\/div>\n<\/div>\n","protected":false},"excerpt":{"rendered":"<p>In Albanien wurden 2022 von der Zivilflugfahrtbeh\u00f6rde AAC Bestimmungen erlassen, die praktisch vollst\u00e4ndig die EU-Bestimmungen (Verordnung 2019\/945, Verordnung 2019\/947) \u00fcbernehmen. Die albansiche Fimra Albadron bietet&hellip;<\/p>\n","protected":false},"author":1,"featured_media":7795,"parent":0,"menu_order":0,"comment_status":"closed","ping_status":"closed","template":"","meta":{"jetpack_post_was_ever_published":false,"footnotes":""},"categories":[3],"tags":[440,384,221],"class_list":["post-7782","page","type-page","status-publish","has-post-thumbnail","hentry","category-faq","tag-drohnen","tag-faq","tag-fotografie"],"yoast_head":"<!-- This site is optimized with the Yoast SEO plugin v27.2 - https:\/\/yoast.com\/product\/yoast-seo-wordpress\/ -->\n<title>Welche Bestimmungen gelten bez\u00fcglich Drohnen in Albanien &#8211; albanien.ch<\/title>\n<meta name=\"description\" content=\"Online-Reisef\u00fchrer und weitere Landesinformationen zu Albanien: zahlreiche Reiseinfos und Sehensw\u00fcrdigkeiten aus erster Hand\" \/>\n<meta name=\"robots\" content=\"index, follow, max-snippet:-1, max-image-preview:large, max-video-preview:-1\" \/>\n<link rel=\"canonical\" href=\"https:\/\/albanien.ch\/albanien_info\/welche-bestimmungen-gelten-bezuglich-drohnen-in-albanien\/\" \/>\n<meta property=\"og:locale\" content=\"de_DE\" \/>\n<meta property=\"og:type\" content=\"article\" \/>\n<meta property=\"og:title\" content=\"Welche Bestimmungen gelten bez\u00fcglich Drohnen in Albanien &#8211; albanien.ch\" \/>\n<meta property=\"og:description\" content=\"Online-Reisef\u00fchrer und weitere Landesinformationen zu Albanien: zahlreiche Reiseinfos und Sehensw\u00fcrdigkeiten aus erster Hand\" \/>\n<meta property=\"og:url\" content=\"https:\/\/albanien.ch\/albanien_info\/welche-bestimmungen-gelten-bezuglich-drohnen-in-albanien\/\" \/>\n<meta property=\"og:site_name\" content=\"AlbINFO\" \/>\n<meta property=\"article:publisher\" content=\"https:\/\/www.facebook.com\/albaniench\/\" \/>\n<meta property=\"article:modified_time\" content=\"2024-02-05T16:39:58+00:00\" \/>\n<meta property=\"og:image\" content=\"https:\/\/albanien.ch\/albanien_info\/wp-content\/uploads\/2024\/02\/Drohne-am-Strand.jpg\" \/>\n\t<meta property=\"og:image:width\" content=\"2500\" \/>\n\t<meta property=\"og:image:height\" content=\"1363\" \/>\n\t<meta property=\"og:image:type\" content=\"image\/jpeg\" \/>\n<meta name=\"twitter:card\" content=\"summary_large_image\" \/>\n<meta name=\"twitter:site\" content=\"@alb_info\" \/>\n<script type=\"application\/ld+json\" class=\"yoast-schema-graph\">{\"@context\":\"https:\/\/schema.org\",\"@graph\":[{\"@type\":\"WebPage\",\"@id\":\"https:\/\/albanien.ch\/albanien_info\/welche-bestimmungen-gelten-bezuglich-drohnen-in-albanien\/\",\"url\":\"https:\/\/albanien.ch\/albanien_info\/welche-bestimmungen-gelten-bezuglich-drohnen-in-albanien\/\",\"name\":\"Welche Bestimmungen gelten bez\u00fcglich Drohnen in Albanien &#8211; albanien.ch\",\"isPartOf\":{\"@id\":\"https:\/\/albanien.ch\/albanien_info\/#website\"},\"primaryImageOfPage\":{\"@id\":\"https:\/\/albanien.ch\/albanien_info\/welche-bestimmungen-gelten-bezuglich-drohnen-in-albanien\/#primaryimage\"},\"image\":{\"@id\":\"https:\/\/albanien.ch\/albanien_info\/welche-bestimmungen-gelten-bezuglich-drohnen-in-albanien\/#primaryimage\"},\"thumbnailUrl\":\"https:\/\/i0.wp.com\/albanien.ch\/albanien_info\/wp-content\/uploads\/2024\/02\/Drohne-am-Strand.jpg?fit=2500%2C1363&ssl=1\",\"datePublished\":\"2024-02-05T16:36:49+00:00\",\"dateModified\":\"2024-02-05T16:39:58+00:00\",\"description\":\"Online-Reisef\u00fchrer und weitere Landesinformationen zu Albanien: zahlreiche Reiseinfos und Sehensw\u00fcrdigkeiten aus erster Hand\",\"breadcrumb\":{\"@id\":\"https:\/\/albanien.ch\/albanien_info\/welche-bestimmungen-gelten-bezuglich-drohnen-in-albanien\/#breadcrumb\"},\"inLanguage\":\"de\",\"potentialAction\":[{\"@type\":\"ReadAction\",\"target\":[\"https:\/\/albanien.ch\/albanien_info\/welche-bestimmungen-gelten-bezuglich-drohnen-in-albanien\/\"]}]},{\"@type\":\"ImageObject\",\"inLanguage\":\"de\",\"@id\":\"https:\/\/albanien.ch\/albanien_info\/welche-bestimmungen-gelten-bezuglich-drohnen-in-albanien\/#primaryimage\",\"url\":\"https:\/\/i0.wp.com\/albanien.ch\/albanien_info\/wp-content\/uploads\/2024\/02\/Drohne-am-Strand.jpg?fit=2500%2C1363&ssl=1\",\"contentUrl\":\"https:\/\/i0.wp.com\/albanien.ch\/albanien_info\/wp-content\/uploads\/2024\/02\/Drohne-am-Strand.jpg?fit=2500%2C1363&ssl=1\",\"width\":2500,\"height\":1363,\"caption\":\"Drohne am Strand \u2013\u00a0Gjipe, Albanische Riviera\"},{\"@type\":\"BreadcrumbList\",\"@id\":\"https:\/\/albanien.ch\/albanien_info\/welche-bestimmungen-gelten-bezuglich-drohnen-in-albanien\/#breadcrumb\",\"itemListElement\":[{\"@type\":\"ListItem\",\"position\":1,\"name\":\"Home\",\"item\":\"https:\/\/albanien.ch\/albanien_info\/\"},{\"@type\":\"ListItem\",\"position\":2,\"name\":\"Welche Bestimmungen gelten bez\u00fcglich Drohnen in Albanien\"}]},{\"@type\":\"WebSite\",\"@id\":\"https:\/\/albanien.ch\/albanien_info\/#website\",\"url\":\"https:\/\/albanien.ch\/albanien_info\/\",\"name\":\"AlbINFO\",\"description\":\"Albanien Reiseinformationen von albanien.ch\",\"publisher\":{\"@id\":\"https:\/\/albanien.ch\/albanien_info\/#organization\"},\"potentialAction\":[{\"@type\":\"SearchAction\",\"target\":{\"@type\":\"EntryPoint\",\"urlTemplate\":\"https:\/\/albanien.ch\/albanien_info\/?s={search_term_string}\"},\"query-input\":{\"@type\":\"PropertyValueSpecification\",\"valueRequired\":true,\"valueName\":\"search_term_string\"}}],\"inLanguage\":\"de\"},{\"@type\":\"Organization\",\"@id\":\"https:\/\/albanien.ch\/albanien_info\/#organization\",\"name\":\"albanien.ch\",\"url\":\"https:\/\/albanien.ch\/albanien_info\/\",\"logo\":{\"@type\":\"ImageObject\",\"inLanguage\":\"de\",\"@id\":\"https:\/\/albanien.ch\/albanien_info\/#\/schema\/logo\/image\/\",\"url\":\"https:\/\/i0.wp.com\/albanien.ch\/albanien_info\/wp-content\/uploads\/2016\/11\/albaniench_square.png?fit=415%2C415&ssl=1\",\"contentUrl\":\"https:\/\/i0.wp.com\/albanien.ch\/albanien_info\/wp-content\/uploads\/2016\/11\/albaniench_square.png?fit=415%2C415&ssl=1\",\"width\":415,\"height\":415,\"caption\":\"albanien.ch\"},\"image\":{\"@id\":\"https:\/\/albanien.ch\/albanien_info\/#\/schema\/logo\/image\/\"},\"sameAs\":[\"https:\/\/www.facebook.com\/albaniench\/\",\"https:\/\/x.com\/alb_info\",\"https:\/\/www.instagram.com\/alb_info\/\"]}]}<\/script>\n<!-- \/ Yoast SEO plugin. -->","yoast_head_json":{"title":"Welche Bestimmungen gelten bez\u00fcglich Drohnen in Albanien &#8211; albanien.ch","description":"Online-Reisef\u00fchrer und weitere Landesinformationen zu Albanien: zahlreiche Reiseinfos und Sehensw\u00fcrdigkeiten aus erster Hand","robots":{"index":"index","follow":"follow","max-snippet":"max-snippet:-1","max-image-preview":"max-image-preview:large","max-video-preview":"max-video-preview:-1"},"canonical":"https:\/\/albanien.ch\/albanien_info\/welche-bestimmungen-gelten-bezuglich-drohnen-in-albanien\/","og_locale":"de_DE","og_type":"article","og_title":"Welche Bestimmungen gelten bez\u00fcglich Drohnen in Albanien &#8211; albanien.ch","og_description":"Online-Reisef\u00fchrer und weitere Landesinformationen zu Albanien: zahlreiche Reiseinfos und Sehensw\u00fcrdigkeiten aus erster Hand","og_url":"https:\/\/albanien.ch\/albanien_info\/welche-bestimmungen-gelten-bezuglich-drohnen-in-albanien\/","og_site_name":"AlbINFO","article_publisher":"https:\/\/www.facebook.com\/albaniench\/","article_modified_time":"2024-02-05T16:39:58+00:00","og_image":[{"width":2500,"height":1363,"url":"https:\/\/albanien.ch\/albanien_info\/wp-content\/uploads\/2024\/02\/Drohne-am-Strand.jpg","type":"image\/jpeg"}],"twitter_card":"summary_large_image","twitter_site":"@alb_info","schema":{"@context":"https:\/\/schema.org","@graph":[{"@type":"WebPage","@id":"https:\/\/albanien.ch\/albanien_info\/welche-bestimmungen-gelten-bezuglich-drohnen-in-albanien\/","url":"https:\/\/albanien.ch\/albanien_info\/welche-bestimmungen-gelten-bezuglich-drohnen-in-albanien\/","name":"Welche Bestimmungen gelten bez\u00fcglich Drohnen in Albanien &#8211; albanien.ch","isPartOf":{"@id":"https:\/\/albanien.ch\/albanien_info\/#website"},"primaryImageOfPage":{"@id":"https:\/\/albanien.ch\/albanien_info\/welche-bestimmungen-gelten-bezuglich-drohnen-in-albanien\/#primaryimage"},"image":{"@id":"https:\/\/albanien.ch\/albanien_info\/welche-bestimmungen-gelten-bezuglich-drohnen-in-albanien\/#primaryimage"},"thumbnailUrl":"https:\/\/i0.wp.com\/albanien.ch\/albanien_info\/wp-content\/uploads\/2024\/02\/Drohne-am-Strand.jpg?fit=2500%2C1363&ssl=1","datePublished":"2024-02-05T16:36:49+00:00","dateModified":"2024-02-05T16:39:58+00:00","description":"Online-Reisef\u00fchrer und weitere Landesinformationen zu Albanien: zahlreiche Reiseinfos und Sehensw\u00fcrdigkeiten aus erster Hand","breadcrumb":{"@id":"https:\/\/albanien.ch\/albanien_info\/welche-bestimmungen-gelten-bezuglich-drohnen-in-albanien\/#breadcrumb"},"inLanguage":"de","potentialAction":[{"@type":"ReadAction","target":["https:\/\/albanien.ch\/albanien_info\/welche-bestimmungen-gelten-bezuglich-drohnen-in-albanien\/"]}]},{"@type":"ImageObject","inLanguage":"de","@id":"https:\/\/albanien.ch\/albanien_info\/welche-bestimmungen-gelten-bezuglich-drohnen-in-albanien\/#primaryimage","url":"https:\/\/i0.wp.com\/albanien.ch\/albanien_info\/wp-content\/uploads\/2024\/02\/Drohne-am-Strand.jpg?fit=2500%2C1363&ssl=1","contentUrl":"https:\/\/i0.wp.com\/albanien.ch\/albanien_info\/wp-content\/uploads\/2024\/02\/Drohne-am-Strand.jpg?fit=2500%2C1363&ssl=1","width":2500,"height":1363,"caption":"Drohne am Strand \u2013\u00a0Gjipe, Albanische Riviera"},{"@type":"BreadcrumbList","@id":"https:\/\/albanien.ch\/albanien_info\/welche-bestimmungen-gelten-bezuglich-drohnen-in-albanien\/#breadcrumb","itemListElement":[{"@type":"ListItem","position":1,"name":"Home","item":"https:\/\/albanien.ch\/albanien_info\/"},{"@type":"ListItem","position":2,"name":"Welche Bestimmungen gelten bez\u00fcglich Drohnen in Albanien"}]},{"@type":"WebSite","@id":"https:\/\/albanien.ch\/albanien_info\/#website","url":"https:\/\/albanien.ch\/albanien_info\/","name":"AlbINFO","description":"Albanien Reiseinformationen von albanien.ch","publisher":{"@id":"https:\/\/albanien.ch\/albanien_info\/#organization"},"potentialAction":[{"@type":"SearchAction","target":{"@type":"EntryPoint","urlTemplate":"https:\/\/albanien.ch\/albanien_info\/?s={search_term_string}"},"query-input":{"@type":"PropertyValueSpecification","valueRequired":true,"valueName":"search_term_string"}}],"inLanguage":"de"},{"@type":"Organization","@id":"https:\/\/albanien.ch\/albanien_info\/#organization","name":"albanien.ch","url":"https:\/\/albanien.ch\/albanien_info\/","logo":{"@type":"ImageObject","inLanguage":"de","@id":"https:\/\/albanien.ch\/albanien_info\/#\/schema\/logo\/image\/","url":"https:\/\/i0.wp.com\/albanien.ch\/albanien_info\/wp-content\/uploads\/2016\/11\/albaniench_square.png?fit=415%2C415&ssl=1","contentUrl":"https:\/\/i0.wp.com\/albanien.ch\/albanien_info\/wp-content\/uploads\/2016\/11\/albaniench_square.png?fit=415%2C415&ssl=1","width":415,"height":415,"caption":"albanien.ch"},"image":{"@id":"https:\/\/albanien.ch\/albanien_info\/#\/schema\/logo\/image\/"},"sameAs":["https:\/\/www.facebook.com\/albaniench\/","https:\/\/x.com\/alb_info","https:\/\/www.instagram.com\/alb_info\/"]}]}},"jetpack_sharing_enabled":true,"jetpack_shortlink":"https:\/\/wp.me\/P5VAQP-21w","_links":{"self":[{"href":"https:\/\/albanien.ch\/albanien_info\/wp-json\/wp\/v2\/pages\/7782","targetHints":{"allow":["GET"]}}],"collection":[{"href":"https:\/\/albanien.ch\/albanien_info\/wp-json\/wp\/v2\/pages"}],"about":[{"href":"https:\/\/albanien.ch\/albanien_info\/wp-json\/wp\/v2\/types\/page"}],"author":[{"embeddable":true,"href":"https:\/\/albanien.ch\/albanien_info\/wp-json\/wp\/v2\/users\/1"}],"replies":[{"embeddable":true,"href":"https:\/\/albanien.ch\/albanien_info\/wp-json\/wp\/v2\/comments?post=7782"}],"version-history":[{"count":5,"href":"https:\/\/albanien.ch\/albanien_info\/wp-json\/wp\/v2\/pages\/7782\/revisions"}],"predecessor-version":[{"id":7801,"href":"https:\/\/albanien.ch\/albanien_info\/wp-json\/wp\/v2\/pages\/7782\/revisions\/7801"}],"wp:featuredmedia":[{"embeddable":true,"href":"https:\/\/albanien.ch\/albanien_info\/wp-json\/wp\/v2\/media\/7795"}],"wp:attachment":[{"href":"https:\/\/albanien.ch\/albanien_info\/wp-json\/wp\/v2\/media?parent=7782"}],"wp:term":[{"taxonomy":"category","embeddable":true,"href":"https:\/\/albanien.ch\/albanien_info\/wp-json\/wp\/v2\/categories?post=7782"},{"taxonomy":"post_tag","embeddable":true,"href":"https:\/\/albanien.ch\/albanien_info\/wp-json\/wp\/v2\/tags?post=7782"}],"curies":[{"name":"wp","href":"https:\/\/api.w.org\/{rel}","templated":true}]}}