{"id":354,"date":"2023-02-12T19:36:46","date_gmt":"2023-02-12T18:36:46","guid":{"rendered":"https:\/\/albanien.ch\/albanien_info\/?page_id=354"},"modified":"2025-03-14T21:34:55","modified_gmt":"2025-03-14T20:34:55","slug":"grenzuebergaenge-albanien","status":"publish","type":"page","link":"https:\/\/albanien.ch\/albanien_info\/reisefuehrer-albanien\/reisetipps\/grenzuebergaenge-albanien\/","title":{"rendered":"Grenz\u00fcberg\u00e4nge Albanien"},"content":{"rendered":"\n<p><\/p>\n\n\n<div class=\"wp-block-image\">\n<figure class=\"alignright size-medium\"><img data-recalc-dims=\"1\" loading=\"lazy\" decoding=\"async\" width=\"300\" height=\"209\" data-attachment-id=\"226\" data-permalink=\"https:\/\/albanien.ch\/albanien_info\/einreise-papierkram\/grenze_bashkimi\/\" data-orig-file=\"https:\/\/i0.wp.com\/albanien.ch\/albanien_info\/wp-content\/uploads\/2015\/03\/Grenze_Bashkimi.jpg?fit=1000%2C698&amp;ssl=1\" data-orig-size=\"1000,698\" data-comments-opened=\"1\" data-image-meta=\"{&quot;aperture&quot;:&quot;0&quot;,&quot;credit&quot;:&quot;&quot;,&quot;camera&quot;:&quot;&quot;,&quot;caption&quot;:&quot;&quot;,&quot;created_timestamp&quot;:&quot;0&quot;,&quot;copyright&quot;:&quot;&quot;,&quot;focal_length&quot;:&quot;0&quot;,&quot;iso&quot;:&quot;0&quot;,&quot;shutter_speed&quot;:&quot;0&quot;,&quot;title&quot;:&quot;&quot;,&quot;orientation&quot;:&quot;0&quot;}\" data-image-title=\"Grenz\u00fcbergang Vermosh\" data-image-description=\"\" data-image-caption=\"&lt;p&gt;Kleiner Grenz\u00fcbergang in den Bergen: Vermosh&lt;\/p&gt;\n\" data-medium-file=\"https:\/\/i0.wp.com\/albanien.ch\/albanien_info\/wp-content\/uploads\/2015\/03\/Grenze_Bashkimi.jpg?fit=300%2C209&amp;ssl=1\" data-large-file=\"https:\/\/i0.wp.com\/albanien.ch\/albanien_info\/wp-content\/uploads\/2015\/03\/Grenze_Bashkimi.jpg?fit=525%2C366&amp;ssl=1\" src=\"https:\/\/i0.wp.com\/albanien.ch\/albanien_info\/wp-content\/uploads\/2015\/03\/Grenze_Bashkimi.jpg?resize=300%2C209&#038;ssl=1\" alt=\"Grenz\u00fcbergang zu Albanien in Vermosh\" class=\"wp-image-226\" srcset=\"https:\/\/i0.wp.com\/albanien.ch\/albanien_info\/wp-content\/uploads\/2015\/03\/Grenze_Bashkimi.jpg?resize=300%2C209&amp;ssl=1 300w, https:\/\/i0.wp.com\/albanien.ch\/albanien_info\/wp-content\/uploads\/2015\/03\/Grenze_Bashkimi.jpg?resize=900%2C628&amp;ssl=1 900w, https:\/\/i0.wp.com\/albanien.ch\/albanien_info\/wp-content\/uploads\/2015\/03\/Grenze_Bashkimi.jpg?w=1000&amp;ssl=1 1000w\" sizes=\"auto, (max-width: 300px) 100vw, 300px\" \/><figcaption class=\"wp-element-caption\">Kleiner Grenz\u00fcbergang in den Bergen: Vermosh<\/figcaption><\/figure><\/div>\n\n\n<p>Untenstehende Karte bietet eine \u00dcbersicht aller internationaler Grenz\u00fcberg\u00e4nge. Auch neue Grenzposten, grobe \u00d6ffnungszeiten und die Passierbarkeit f\u00fcr Ausl\u00e4nder ist vermerkt.<\/p>\n\n\n\n<p>Einige albanische Grenz\u00fcberg\u00e4nge sind eher klein und improvisiert. Mit Ausnahme einiger kleiner \u00dcberg\u00e4nge in den Bergen und den drei kleinen \u00dcberg\u00e4ngen zu Griechenland sollten aber alle Tag und Nacht ge\u00f6ffnet und passierbar sein. Zwei kleine Grenz\u00fcberg\u00e4nge in den Bergen zu Kosova und einer im S\u00fcden nach Griechenland k\u00f6nnen nur von der Lokalbev\u00f6lkerung passiert werden.<\/p>\n\n\n\n<p><strong>Port of Entry:<\/strong> Der Deutsche Motoryachtverband listete 2023 die folgenden Port of Entries (Einreise f\u00fcr Segelboote und Motoryachten) auf: Sh\u00ebngjin, Durr\u00ebs, Vlora, Himara und Saranda.<\/p>\n\n\n\n<p><strong>Verkehrslage &amp; Wartezeiten<\/strong> an den Grenz\u00fcberg\u00e4ngen zu Montenegro:<br><a href=\"http:\/\/kamere.mup.gov.me\/kamere.php?kamere=Bozaj\" target=\"_blank\" rel=\"noopener noreferrer\"><i class=\"wp-svg-camera-2 camera-2\"><\/i> Webcam Han i Hotit<\/a><br><a href=\"http:\/\/kamere.mup.gov.me\/kamere.php?kamere=Sukobin\" target=\"_blank\" rel=\"noopener noreferrer\"><i class=\"wp-svg-camera-2 camera-2\"><\/i> Webcam Muriqan\/Sukobin<\/a><\/p>\n\n\n\n<p><strong>Inoffizielle Grenz\u00fcbertritte bei Wanderungen im Gebirge:<\/strong> F\u00fcr Grenz\u00fcbertritte im Gebirge an Orten ohne offizielle Grenz\u00fcberg\u00e4nge muss vorab eine Bewilligung bei den Beh\u00f6rden beider L\u00e4nder beantragt werden.<br><a href=\"https:\/\/www.peaksofthebalkans.com\/Cross-Border-Procedures\" target=\"_blank\" rel=\"noreferrer noopener\"><i class=\"wp-svg-file-3 file-3\"><\/i><\/a> <a href=\"https:\/\/www.peaksofthebalkans.com\/Cross-Border-Procedures\" target=\"_blank\" rel=\"noreferrer noopener\">Beschreibung Beantragung Bewilligung f\u00fcr Albanien, Kosova und Montenegro<\/a><br><a href=\"https:\/\/www.high-scardus-trail.com\/en\/p\/border-crossing\/67216118\/\" target=\"_blank\" rel=\"noreferrer noopener\"><i class=\"wp-svg-file-3 file-3\"><\/i><\/a> <a href=\"https:\/\/www.high-scardus-trail.com\/en\/p\/border-crossing\/67216118\/\" target=\"_blank\" rel=\"noreferrer noopener\">Beschreibung Beantragung Bewilligung f\u00fcr Albanien, Kosova und Nordmazedonien<\/a><\/p>\n\n\n\n<iframe loading=\"lazy\" src=\"https:\/\/www.google.com\/maps\/d\/embed?mid=1IVb6J283sQmL01ttrU3U8Ft08-k&amp;ehbc=2E312F\" width=\"640\" height=\"480\"><\/iframe>\n\n\n\n<div style=\"height:100px\" aria-hidden=\"true\" class=\"wp-block-spacer\"><\/div>\n\n\n\n<div class=\"wp-block-columns is-layout-flex wp-container-core-columns-is-layout-9d6595d7 wp-block-columns-is-layout-flex\">\n<div class=\"wp-block-column simple-alert-boxes sab_plain sab_small is-layout-flow wp-block-column-is-layout-flow\">\n<p class=\"has-small-font-size\">Wir <a href=\"https:\/\/albanien.ch\/albanien_info\/ueber-uns\/\">Autoren<\/a> dieser Seite bereisen Albanien teilweise schon sei 30 Jahren. Wir teilen hier unser Wissen und unsere pers\u00f6nlichen Erfahrungen. <a href=\"https:\/\/albanien.ch\/albanien_info\/ueber-uns\/feedback\/\">Feedback<\/a> ist immer willkommen.<\/p>\n<\/div>\n\n\n\n<div class=\"wp-block-column simple-alert-boxes sab_plain sab_small is-layout-flow wp-block-column-is-layout-flow\">\n<p class=\"has-small-font-size\"><strong>Vollst\u00e4ndig \u00fcberpr\u00fcft und \u00fcberarbeitet:<\/strong><\/p>\n\n\n<div class=\"wp-block-post-date has-small-font-size\"><time datetime=\"2023-02-12T19:36:46+01:00\">12. Februar 2023<\/time><\/div><\/div>\n\n\n\n<div class=\"wp-block-column simple-alert-boxes sab_plain sab_small is-layout-flow wp-block-column-is-layout-flow\">\n<p class=\"has-small-font-size\"><strong>Verwandte Themen:<\/strong><\/p>\n\n\n<div class=\"taxonomy-post_tag wp-block-post-terms\"><a href=\"https:\/\/albanien.ch\/albanien_info\/tag\/auto\/\" rel=\"tag\">Auto<\/a><span class=\"wp-block-post-terms__separator\">, <\/span><a href=\"https:\/\/albanien.ch\/albanien_info\/tag\/grenze\/\" rel=\"tag\">Grenze<\/a><span class=\"wp-block-post-terms__separator\">, <\/span><a href=\"https:\/\/albanien.ch\/albanien_info\/tag\/karte\/\" rel=\"tag\">Karte<\/a><span class=\"wp-block-post-terms__separator\">, <\/span><a href=\"https:\/\/albanien.ch\/albanien_info\/tag\/zoll\/\" rel=\"tag\">Zoll<\/a><\/div><\/div>\n<\/div>\n","protected":false},"excerpt":{"rendered":"<p>Untenstehende Karte bietet eine \u00dcbersicht aller internationaler Grenz\u00fcberg\u00e4nge. Auch neue Grenzposten, grobe \u00d6ffnungszeiten und die Passierbarkeit f\u00fcr Ausl\u00e4nder ist vermerkt. Einige albanische Grenz\u00fcberg\u00e4nge sind eher&hellip;<\/p>\n","protected":false},"author":1,"featured_media":226,"parent":14,"menu_order":0,"comment_status":"open","ping_status":"open","template":"","meta":{"jetpack_post_was_ever_published":false,"footnotes":""},"categories":[197,11],"tags":[62,123,172,117],"class_list":["post-354","page","type-page","status-publish","has-post-thumbnail","hentry","category-karten","category-travel-tips","tag-auto","tag-grenze","tag-karte","tag-zoll"],"yoast_head":"<!-- This site is optimized with the Yoast SEO plugin v27.2 - https:\/\/yoast.com\/product\/yoast-seo-wordpress\/ -->\n<title>Grenz\u00fcberg\u00e4nge Albanien &#8211; albanien.ch<\/title>\n<meta name=\"description\" content=\"Aktuelle Hinweise f\u00fcr die Ein- und Ausreise \u2013\u00a0Online-Reisef\u00fchrer und weitere Landesinformationen zu Albanien\" \/>\n<meta name=\"robots\" content=\"index, follow, max-snippet:-1, max-image-preview:large, max-video-preview:-1\" \/>\n<link rel=\"canonical\" href=\"https:\/\/albanien.ch\/albanien_info\/reisefuehrer-albanien\/reisetipps\/grenzuebergaenge-albanien\/\" \/>\n<meta property=\"og:locale\" content=\"de_DE\" \/>\n<meta property=\"og:type\" content=\"article\" \/>\n<meta property=\"og:title\" content=\"Grenz\u00fcberg\u00e4nge Albanien &#8211; albanien.ch\" \/>\n<meta property=\"og:description\" content=\"Aktuelle Hinweise f\u00fcr die Ein- und Ausreise \u2013\u00a0Online-Reisef\u00fchrer und weitere Landesinformationen zu Albanien\" \/>\n<meta property=\"og:url\" content=\"https:\/\/albanien.ch\/albanien_info\/reisefuehrer-albanien\/reisetipps\/grenzuebergaenge-albanien\/\" \/>\n<meta property=\"og:site_name\" content=\"AlbINFO\" \/>\n<meta property=\"article:publisher\" content=\"https:\/\/www.facebook.com\/albaniench\/\" \/>\n<meta property=\"article:modified_time\" content=\"2025-03-14T20:34:55+00:00\" \/>\n<meta property=\"og:image\" content=\"https:\/\/albanien.ch\/albanien_info\/wp-content\/uploads\/2015\/03\/Grenze_Bashkimi.jpg\" \/>\n\t<meta property=\"og:image:width\" content=\"1000\" \/>\n\t<meta property=\"og:image:height\" content=\"698\" \/>\n\t<meta property=\"og:image:type\" content=\"image\/jpeg\" \/>\n<meta name=\"twitter:card\" content=\"summary_large_image\" \/>\n<meta name=\"twitter:site\" content=\"@alb_info\" \/>\n<script type=\"application\/ld+json\" class=\"yoast-schema-graph\">{\"@context\":\"https:\/\/schema.org\",\"@graph\":[{\"@type\":\"WebPage\",\"@id\":\"https:\/\/albanien.ch\/albanien_info\/reisefuehrer-albanien\/reisetipps\/grenzuebergaenge-albanien\/\",\"url\":\"https:\/\/albanien.ch\/albanien_info\/reisefuehrer-albanien\/reisetipps\/grenzuebergaenge-albanien\/\",\"name\":\"Grenz\u00fcberg\u00e4nge Albanien &#8211; albanien.ch\",\"isPartOf\":{\"@id\":\"https:\/\/albanien.ch\/albanien_info\/#website\"},\"primaryImageOfPage\":{\"@id\":\"https:\/\/albanien.ch\/albanien_info\/reisefuehrer-albanien\/reisetipps\/grenzuebergaenge-albanien\/#primaryimage\"},\"image\":{\"@id\":\"https:\/\/albanien.ch\/albanien_info\/reisefuehrer-albanien\/reisetipps\/grenzuebergaenge-albanien\/#primaryimage\"},\"thumbnailUrl\":\"https:\/\/i0.wp.com\/albanien.ch\/albanien_info\/wp-content\/uploads\/2015\/03\/Grenze_Bashkimi.jpg?fit=1000%2C698&ssl=1\",\"datePublished\":\"2023-02-12T18:36:46+00:00\",\"dateModified\":\"2025-03-14T20:34:55+00:00\",\"description\":\"Aktuelle Hinweise f\u00fcr die Ein- und Ausreise \u2013\u00a0Online-Reisef\u00fchrer und weitere Landesinformationen zu Albanien\",\"breadcrumb\":{\"@id\":\"https:\/\/albanien.ch\/albanien_info\/reisefuehrer-albanien\/reisetipps\/grenzuebergaenge-albanien\/#breadcrumb\"},\"inLanguage\":\"de\",\"potentialAction\":[{\"@type\":\"ReadAction\",\"target\":[\"https:\/\/albanien.ch\/albanien_info\/reisefuehrer-albanien\/reisetipps\/grenzuebergaenge-albanien\/\"]}]},{\"@type\":\"ImageObject\",\"inLanguage\":\"de\",\"@id\":\"https:\/\/albanien.ch\/albanien_info\/reisefuehrer-albanien\/reisetipps\/grenzuebergaenge-albanien\/#primaryimage\",\"url\":\"https:\/\/i0.wp.com\/albanien.ch\/albanien_info\/wp-content\/uploads\/2015\/03\/Grenze_Bashkimi.jpg?fit=1000%2C698&ssl=1\",\"contentUrl\":\"https:\/\/i0.wp.com\/albanien.ch\/albanien_info\/wp-content\/uploads\/2015\/03\/Grenze_Bashkimi.jpg?fit=1000%2C698&ssl=1\",\"width\":1000,\"height\":698,\"caption\":\"Kleiner Grenz\u00fcbergang in den Bergen: Vermosh\"},{\"@type\":\"BreadcrumbList\",\"@id\":\"https:\/\/albanien.ch\/albanien_info\/reisefuehrer-albanien\/reisetipps\/grenzuebergaenge-albanien\/#breadcrumb\",\"itemListElement\":[{\"@type\":\"ListItem\",\"position\":1,\"name\":\"Home\",\"item\":\"https:\/\/albanien.ch\/albanien_info\/\"},{\"@type\":\"ListItem\",\"position\":2,\"name\":\"Reisef\u00fchrer\",\"item\":\"https:\/\/albanien.ch\/albanien_info\/reisefuehrer-albanien\/\"},{\"@type\":\"ListItem\",\"position\":3,\"name\":\"AlbINFO: Alle Reisetipps\",\"item\":\"https:\/\/albanien.ch\/albanien_info\/reisefuehrer-albanien\/reisetipps\/\"},{\"@type\":\"ListItem\",\"position\":4,\"name\":\"Grenz\u00fcberg\u00e4nge Albanien\"}]},{\"@type\":\"WebSite\",\"@id\":\"https:\/\/albanien.ch\/albanien_info\/#website\",\"url\":\"https:\/\/albanien.ch\/albanien_info\/\",\"name\":\"AlbINFO\",\"description\":\"Albanien Reiseinformationen von albanien.ch\",\"publisher\":{\"@id\":\"https:\/\/albanien.ch\/albanien_info\/#organization\"},\"potentialAction\":[{\"@type\":\"SearchAction\",\"target\":{\"@type\":\"EntryPoint\",\"urlTemplate\":\"https:\/\/albanien.ch\/albanien_info\/?s={search_term_string}\"},\"query-input\":{\"@type\":\"PropertyValueSpecification\",\"valueRequired\":true,\"valueName\":\"search_term_string\"}}],\"inLanguage\":\"de\"},{\"@type\":\"Organization\",\"@id\":\"https:\/\/albanien.ch\/albanien_info\/#organization\",\"name\":\"albanien.ch\",\"url\":\"https:\/\/albanien.ch\/albanien_info\/\",\"logo\":{\"@type\":\"ImageObject\",\"inLanguage\":\"de\",\"@id\":\"https:\/\/albanien.ch\/albanien_info\/#\/schema\/logo\/image\/\",\"url\":\"https:\/\/i0.wp.com\/albanien.ch\/albanien_info\/wp-content\/uploads\/2016\/11\/albaniench_square.png?fit=415%2C415&ssl=1\",\"contentUrl\":\"https:\/\/i0.wp.com\/albanien.ch\/albanien_info\/wp-content\/uploads\/2016\/11\/albaniench_square.png?fit=415%2C415&ssl=1\",\"width\":415,\"height\":415,\"caption\":\"albanien.ch\"},\"image\":{\"@id\":\"https:\/\/albanien.ch\/albanien_info\/#\/schema\/logo\/image\/\"},\"sameAs\":[\"https:\/\/www.facebook.com\/albaniench\/\",\"https:\/\/x.com\/alb_info\",\"https:\/\/www.instagram.com\/alb_info\/\"]}]}<\/script>\n<!-- \/ Yoast SEO plugin. -->","yoast_head_json":{"title":"Grenz\u00fcberg\u00e4nge Albanien &#8211; albanien.ch","description":"Aktuelle Hinweise f\u00fcr die Ein- und Ausreise \u2013\u00a0Online-Reisef\u00fchrer und weitere Landesinformationen zu Albanien","robots":{"index":"index","follow":"follow","max-snippet":"max-snippet:-1","max-image-preview":"max-image-preview:large","max-video-preview":"max-video-preview:-1"},"canonical":"https:\/\/albanien.ch\/albanien_info\/reisefuehrer-albanien\/reisetipps\/grenzuebergaenge-albanien\/","og_locale":"de_DE","og_type":"article","og_title":"Grenz\u00fcberg\u00e4nge Albanien &#8211; albanien.ch","og_description":"Aktuelle Hinweise f\u00fcr die Ein- und Ausreise \u2013\u00a0Online-Reisef\u00fchrer und weitere Landesinformationen zu Albanien","og_url":"https:\/\/albanien.ch\/albanien_info\/reisefuehrer-albanien\/reisetipps\/grenzuebergaenge-albanien\/","og_site_name":"AlbINFO","article_publisher":"https:\/\/www.facebook.com\/albaniench\/","article_modified_time":"2025-03-14T20:34:55+00:00","og_image":[{"width":1000,"height":698,"url":"https:\/\/albanien.ch\/albanien_info\/wp-content\/uploads\/2015\/03\/Grenze_Bashkimi.jpg","type":"image\/jpeg"}],"twitter_card":"summary_large_image","twitter_site":"@alb_info","schema":{"@context":"https:\/\/schema.org","@graph":[{"@type":"WebPage","@id":"https:\/\/albanien.ch\/albanien_info\/reisefuehrer-albanien\/reisetipps\/grenzuebergaenge-albanien\/","url":"https:\/\/albanien.ch\/albanien_info\/reisefuehrer-albanien\/reisetipps\/grenzuebergaenge-albanien\/","name":"Grenz\u00fcberg\u00e4nge Albanien &#8211; albanien.ch","isPartOf":{"@id":"https:\/\/albanien.ch\/albanien_info\/#website"},"primaryImageOfPage":{"@id":"https:\/\/albanien.ch\/albanien_info\/reisefuehrer-albanien\/reisetipps\/grenzuebergaenge-albanien\/#primaryimage"},"image":{"@id":"https:\/\/albanien.ch\/albanien_info\/reisefuehrer-albanien\/reisetipps\/grenzuebergaenge-albanien\/#primaryimage"},"thumbnailUrl":"https:\/\/i0.wp.com\/albanien.ch\/albanien_info\/wp-content\/uploads\/2015\/03\/Grenze_Bashkimi.jpg?fit=1000%2C698&ssl=1","datePublished":"2023-02-12T18:36:46+00:00","dateModified":"2025-03-14T20:34:55+00:00","description":"Aktuelle Hinweise f\u00fcr die Ein- und Ausreise \u2013\u00a0Online-Reisef\u00fchrer und weitere Landesinformationen zu Albanien","breadcrumb":{"@id":"https:\/\/albanien.ch\/albanien_info\/reisefuehrer-albanien\/reisetipps\/grenzuebergaenge-albanien\/#breadcrumb"},"inLanguage":"de","potentialAction":[{"@type":"ReadAction","target":["https:\/\/albanien.ch\/albanien_info\/reisefuehrer-albanien\/reisetipps\/grenzuebergaenge-albanien\/"]}]},{"@type":"ImageObject","inLanguage":"de","@id":"https:\/\/albanien.ch\/albanien_info\/reisefuehrer-albanien\/reisetipps\/grenzuebergaenge-albanien\/#primaryimage","url":"https:\/\/i0.wp.com\/albanien.ch\/albanien_info\/wp-content\/uploads\/2015\/03\/Grenze_Bashkimi.jpg?fit=1000%2C698&ssl=1","contentUrl":"https:\/\/i0.wp.com\/albanien.ch\/albanien_info\/wp-content\/uploads\/2015\/03\/Grenze_Bashkimi.jpg?fit=1000%2C698&ssl=1","width":1000,"height":698,"caption":"Kleiner Grenz\u00fcbergang in den Bergen: Vermosh"},{"@type":"BreadcrumbList","@id":"https:\/\/albanien.ch\/albanien_info\/reisefuehrer-albanien\/reisetipps\/grenzuebergaenge-albanien\/#breadcrumb","itemListElement":[{"@type":"ListItem","position":1,"name":"Home","item":"https:\/\/albanien.ch\/albanien_info\/"},{"@type":"ListItem","position":2,"name":"Reisef\u00fchrer","item":"https:\/\/albanien.ch\/albanien_info\/reisefuehrer-albanien\/"},{"@type":"ListItem","position":3,"name":"AlbINFO: Alle Reisetipps","item":"https:\/\/albanien.ch\/albanien_info\/reisefuehrer-albanien\/reisetipps\/"},{"@type":"ListItem","position":4,"name":"Grenz\u00fcberg\u00e4nge Albanien"}]},{"@type":"WebSite","@id":"https:\/\/albanien.ch\/albanien_info\/#website","url":"https:\/\/albanien.ch\/albanien_info\/","name":"AlbINFO","description":"Albanien Reiseinformationen von albanien.ch","publisher":{"@id":"https:\/\/albanien.ch\/albanien_info\/#organization"},"potentialAction":[{"@type":"SearchAction","target":{"@type":"EntryPoint","urlTemplate":"https:\/\/albanien.ch\/albanien_info\/?s={search_term_string}"},"query-input":{"@type":"PropertyValueSpecification","valueRequired":true,"valueName":"search_term_string"}}],"inLanguage":"de"},{"@type":"Organization","@id":"https:\/\/albanien.ch\/albanien_info\/#organization","name":"albanien.ch","url":"https:\/\/albanien.ch\/albanien_info\/","logo":{"@type":"ImageObject","inLanguage":"de","@id":"https:\/\/albanien.ch\/albanien_info\/#\/schema\/logo\/image\/","url":"https:\/\/i0.wp.com\/albanien.ch\/albanien_info\/wp-content\/uploads\/2016\/11\/albaniench_square.png?fit=415%2C415&ssl=1","contentUrl":"https:\/\/i0.wp.com\/albanien.ch\/albanien_info\/wp-content\/uploads\/2016\/11\/albaniench_square.png?fit=415%2C415&ssl=1","width":415,"height":415,"caption":"albanien.ch"},"image":{"@id":"https:\/\/albanien.ch\/albanien_info\/#\/schema\/logo\/image\/"},"sameAs":["https:\/\/www.facebook.com\/albaniench\/","https:\/\/x.com\/alb_info","https:\/\/www.instagram.com\/alb_info\/"]}]}},"jetpack_sharing_enabled":true,"jetpack_shortlink":"https:\/\/wp.me\/P5VAQP-5I","_links":{"self":[{"href":"https:\/\/albanien.ch\/albanien_info\/wp-json\/wp\/v2\/pages\/354","targetHints":{"allow":["GET"]}}],"collection":[{"href":"https:\/\/albanien.ch\/albanien_info\/wp-json\/wp\/v2\/pages"}],"about":[{"href":"https:\/\/albanien.ch\/albanien_info\/wp-json\/wp\/v2\/types\/page"}],"author":[{"embeddable":true,"href":"https:\/\/albanien.ch\/albanien_info\/wp-json\/wp\/v2\/users\/1"}],"replies":[{"embeddable":true,"href":"https:\/\/albanien.ch\/albanien_info\/wp-json\/wp\/v2\/comments?post=354"}],"version-history":[{"count":12,"href":"https:\/\/albanien.ch\/albanien_info\/wp-json\/wp\/v2\/pages\/354\/revisions"}],"predecessor-version":[{"id":8035,"href":"https:\/\/albanien.ch\/albanien_info\/wp-json\/wp\/v2\/pages\/354\/revisions\/8035"}],"up":[{"embeddable":true,"href":"https:\/\/albanien.ch\/albanien_info\/wp-json\/wp\/v2\/pages\/14"}],"wp:featuredmedia":[{"embeddable":true,"href":"https:\/\/albanien.ch\/albanien_info\/wp-json\/wp\/v2\/media\/226"}],"wp:attachment":[{"href":"https:\/\/albanien.ch\/albanien_info\/wp-json\/wp\/v2\/media?parent=354"}],"wp:term":[{"taxonomy":"category","embeddable":true,"href":"https:\/\/albanien.ch\/albanien_info\/wp-json\/wp\/v2\/categories?post=354"},{"taxonomy":"post_tag","embeddable":true,"href":"https:\/\/albanien.ch\/albanien_info\/wp-json\/wp\/v2\/tags?post=354"}],"curies":[{"name":"wp","href":"https:\/\/api.w.org\/{rel}","templated":true}]}}