{"id":2819,"date":"2017-01-18T13:40:35","date_gmt":"2017-01-18T12:40:35","guid":{"rendered":"https:\/\/albanien.ch\/albanien_info\/?page_id=2819"},"modified":"2017-01-18T14:35:14","modified_gmt":"2017-01-18T13:35:14","slug":"unterkunft-auf-dem-land","status":"publish","type":"page","link":"https:\/\/albanien.ch\/albanien_info\/unterkunft-auf-dem-land\/","title":{"rendered":"Unterkunft auf dem Land"},"content":{"rendered":"<h1>Guesthouses, Hostels, Privatunterk\u00fcnfte und Hotels auf dem Land<\/h1>\n<p>Einige Tipps f\u00fcr Unterk\u00fcnfte in l\u00e4ndlichen Gebieten Albaniens, die wir in unserem <a href=\"http:\/\/www.albanien.ch\/forum\/newinst\/viewtopic.php?f=3&amp;t=16972\" target=\"_blank\"><i class=\"wp-svg-forward forward\"><\/i> Forum<\/a> zusammengetragen haben.<\/p>\n<p>Der besseren \u00dcbersicht wegen haben wir diese Orte auf untenstehender Karte vermerkt.<\/p>\n<i class=\"wp-svg-notification notification\"><\/i> Die Verh\u00e4ltnisse in Albanien \u00e4ndern sich schnell. Was heute noch offen ist, kann morgen schon zu sein. Wo vor kurzem noch ein einfaches H\u00e4uschen stand, kann ein moderner Bau umgeben von etlichen Konkurreten gebaut worden sein. Bitte unbedingt die verlinkten Beschreibungen und allf\u00e4llige weitere Informationen konsultieren, um sicherzustellen, dass die Unterkunft gerade auch G\u00e4ste empf\u00e4ngt und den eigenen Anspr\u00fcchen gen\u00fcgt. Wir k\u00f6nnen auch nicht garantieren, dass die Unterk\u00fcnfte erreichbar\/zug\u00e4nglich\/regelm\u00e4ssig ge\u00f6ffnet oder noch immer vorhanden sind. Die Liste ist auch nicht vollst\u00e4ndig, sondern stellt nur eine Auswahl dar. Die Koordinaten wurden mit gr\u00f6sster Sorgfalt eruiert, k\u00f6nnen aber nicht in jedem Fall genau garantiert werden.<\/p>\n<i class=\"wp-svg-point-right point-right\"><\/i> Die Liste wird laufend erg\u00e4nzt.<\/p>\n<p><iframe loading=\"lazy\" src=\"https:\/\/www.google.com\/maps\/d\/embed?mid=1tSlFIyXr1Aer-y_CSYDJsuQx9CI\" width=\"640\" height=\"800\"><\/iframe><\/p>\n<p>&nbsp;<\/p>\n","protected":false},"excerpt":{"rendered":"<p>Guesthouses, Hostels, Privatunterk\u00fcnfte und Hotels auf dem Land Einige Tipps f\u00fcr Unterk\u00fcnfte in l\u00e4ndlichen Gebieten Albaniens, die wir in unserem Forum zusammengetragen haben. Der besseren&hellip;<\/p>\n","protected":false},"author":1,"featured_media":2821,"parent":0,"menu_order":0,"comment_status":"closed","ping_status":"closed","template":"","meta":{"jetpack_post_was_ever_published":false,"footnotes":""},"categories":[197,11],"tags":[336,145,172,399,146,144],"class_list":["post-2819","page","type-page","status-publish","has-post-thumbnail","hentry","category-karten","category-travel-tips","tag-hostels","tag-hotel","tag-karte","tag-privatunterkunft","tag-unterkunft","tag-zimmer"],"yoast_head":"<!-- This site is optimized with the Yoast SEO plugin v27.2 - https:\/\/yoast.com\/product\/yoast-seo-wordpress\/ -->\n<title>Unterkunft auf dem Land &#8211; albanien.ch<\/title>\n<meta name=\"description\" content=\"Online-Reisef\u00fchrer und weitere Landesinformationen zu Albanien: zahlreiche Reiseinfos und Sehensw\u00fcrdigkeiten aus erster Hand\" \/>\n<meta name=\"robots\" content=\"index, follow, max-snippet:-1, max-image-preview:large, max-video-preview:-1\" \/>\n<link rel=\"canonical\" href=\"https:\/\/albanien.ch\/albanien_info\/unterkunft-auf-dem-land\/\" \/>\n<meta property=\"og:locale\" content=\"de_DE\" \/>\n<meta property=\"og:type\" content=\"article\" \/>\n<meta property=\"og:title\" content=\"Unterkunft auf dem Land &#8211; albanien.ch\" \/>\n<meta property=\"og:description\" content=\"Online-Reisef\u00fchrer und weitere Landesinformationen zu Albanien: zahlreiche Reiseinfos und Sehensw\u00fcrdigkeiten aus erster Hand\" \/>\n<meta property=\"og:url\" content=\"https:\/\/albanien.ch\/albanien_info\/unterkunft-auf-dem-land\/\" \/>\n<meta property=\"og:site_name\" content=\"AlbINFO\" \/>\n<meta property=\"article:publisher\" content=\"https:\/\/www.facebook.com\/albaniench\/\" \/>\n<meta property=\"article:modified_time\" content=\"2017-01-18T13:35:14+00:00\" \/>\n<meta property=\"og:image\" content=\"https:\/\/i2.wp.com\/albanien.ch\/albanien_info\/wp-content\/uploads\/2017\/01\/Guesthouse_Theth_quadratisch.jpg?fit=800%2C800&ssl=1\" \/>\n\t<meta property=\"og:image:width\" content=\"800\" \/>\n\t<meta property=\"og:image:height\" content=\"800\" \/>\n\t<meta property=\"og:image:type\" content=\"image\/jpeg\" \/>\n<meta name=\"twitter:card\" content=\"summary_large_image\" \/>\n<meta name=\"twitter:site\" content=\"@alb_info\" \/>\n<script type=\"application\/ld+json\" class=\"yoast-schema-graph\">{\"@context\":\"https:\/\/schema.org\",\"@graph\":[{\"@type\":\"WebPage\",\"@id\":\"https:\/\/albanien.ch\/albanien_info\/unterkunft-auf-dem-land\/\",\"url\":\"https:\/\/albanien.ch\/albanien_info\/unterkunft-auf-dem-land\/\",\"name\":\"Unterkunft auf dem Land &#8211; albanien.ch\",\"isPartOf\":{\"@id\":\"https:\/\/albanien.ch\/albanien_info\/#website\"},\"primaryImageOfPage\":{\"@id\":\"https:\/\/albanien.ch\/albanien_info\/unterkunft-auf-dem-land\/#primaryimage\"},\"image\":{\"@id\":\"https:\/\/albanien.ch\/albanien_info\/unterkunft-auf-dem-land\/#primaryimage\"},\"thumbnailUrl\":\"https:\/\/i0.wp.com\/albanien.ch\/albanien_info\/wp-content\/uploads\/2017\/01\/Guesthouse_Theth_quadratisch.jpg?fit=800%2C800&ssl=1\",\"datePublished\":\"2017-01-18T12:40:35+00:00\",\"dateModified\":\"2017-01-18T13:35:14+00:00\",\"description\":\"Online-Reisef\u00fchrer und weitere Landesinformationen zu Albanien: zahlreiche Reiseinfos und Sehensw\u00fcrdigkeiten aus erster Hand\",\"breadcrumb\":{\"@id\":\"https:\/\/albanien.ch\/albanien_info\/unterkunft-auf-dem-land\/#breadcrumb\"},\"inLanguage\":\"de\",\"potentialAction\":[{\"@type\":\"ReadAction\",\"target\":[\"https:\/\/albanien.ch\/albanien_info\/unterkunft-auf-dem-land\/\"]}]},{\"@type\":\"ImageObject\",\"inLanguage\":\"de\",\"@id\":\"https:\/\/albanien.ch\/albanien_info\/unterkunft-auf-dem-land\/#primaryimage\",\"url\":\"https:\/\/i0.wp.com\/albanien.ch\/albanien_info\/wp-content\/uploads\/2017\/01\/Guesthouse_Theth_quadratisch.jpg?fit=800%2C800&ssl=1\",\"contentUrl\":\"https:\/\/i0.wp.com\/albanien.ch\/albanien_info\/wp-content\/uploads\/2017\/01\/Guesthouse_Theth_quadratisch.jpg?fit=800%2C800&ssl=1\",\"width\":800,\"height\":800,\"caption\":\"Guesthouse in Theth\"},{\"@type\":\"BreadcrumbList\",\"@id\":\"https:\/\/albanien.ch\/albanien_info\/unterkunft-auf-dem-land\/#breadcrumb\",\"itemListElement\":[{\"@type\":\"ListItem\",\"position\":1,\"name\":\"Home\",\"item\":\"https:\/\/albanien.ch\/albanien_info\/\"},{\"@type\":\"ListItem\",\"position\":2,\"name\":\"Unterkunft auf dem Land\"}]},{\"@type\":\"WebSite\",\"@id\":\"https:\/\/albanien.ch\/albanien_info\/#website\",\"url\":\"https:\/\/albanien.ch\/albanien_info\/\",\"name\":\"AlbINFO\",\"description\":\"Albanien Reiseinformationen von albanien.ch\",\"publisher\":{\"@id\":\"https:\/\/albanien.ch\/albanien_info\/#organization\"},\"potentialAction\":[{\"@type\":\"SearchAction\",\"target\":{\"@type\":\"EntryPoint\",\"urlTemplate\":\"https:\/\/albanien.ch\/albanien_info\/?s={search_term_string}\"},\"query-input\":{\"@type\":\"PropertyValueSpecification\",\"valueRequired\":true,\"valueName\":\"search_term_string\"}}],\"inLanguage\":\"de\"},{\"@type\":\"Organization\",\"@id\":\"https:\/\/albanien.ch\/albanien_info\/#organization\",\"name\":\"albanien.ch\",\"url\":\"https:\/\/albanien.ch\/albanien_info\/\",\"logo\":{\"@type\":\"ImageObject\",\"inLanguage\":\"de\",\"@id\":\"https:\/\/albanien.ch\/albanien_info\/#\/schema\/logo\/image\/\",\"url\":\"https:\/\/i0.wp.com\/albanien.ch\/albanien_info\/wp-content\/uploads\/2016\/11\/albaniench_square.png?fit=415%2C415&ssl=1\",\"contentUrl\":\"https:\/\/i0.wp.com\/albanien.ch\/albanien_info\/wp-content\/uploads\/2016\/11\/albaniench_square.png?fit=415%2C415&ssl=1\",\"width\":415,\"height\":415,\"caption\":\"albanien.ch\"},\"image\":{\"@id\":\"https:\/\/albanien.ch\/albanien_info\/#\/schema\/logo\/image\/\"},\"sameAs\":[\"https:\/\/www.facebook.com\/albaniench\/\",\"https:\/\/x.com\/alb_info\",\"https:\/\/www.instagram.com\/alb_info\/\"]}]}<\/script>\n<!-- \/ Yoast SEO plugin. -->","yoast_head_json":{"title":"Unterkunft auf dem Land &#8211; albanien.ch","description":"Online-Reisef\u00fchrer und weitere Landesinformationen zu Albanien: zahlreiche Reiseinfos und Sehensw\u00fcrdigkeiten aus erster Hand","robots":{"index":"index","follow":"follow","max-snippet":"max-snippet:-1","max-image-preview":"max-image-preview:large","max-video-preview":"max-video-preview:-1"},"canonical":"https:\/\/albanien.ch\/albanien_info\/unterkunft-auf-dem-land\/","og_locale":"de_DE","og_type":"article","og_title":"Unterkunft auf dem Land &#8211; albanien.ch","og_description":"Online-Reisef\u00fchrer und weitere Landesinformationen zu Albanien: zahlreiche Reiseinfos und Sehensw\u00fcrdigkeiten aus erster Hand","og_url":"https:\/\/albanien.ch\/albanien_info\/unterkunft-auf-dem-land\/","og_site_name":"AlbINFO","article_publisher":"https:\/\/www.facebook.com\/albaniench\/","article_modified_time":"2017-01-18T13:35:14+00:00","og_image":[{"width":800,"height":800,"url":"https:\/\/i2.wp.com\/albanien.ch\/albanien_info\/wp-content\/uploads\/2017\/01\/Guesthouse_Theth_quadratisch.jpg?fit=800%2C800&ssl=1","type":"image\/jpeg"}],"twitter_card":"summary_large_image","twitter_site":"@alb_info","schema":{"@context":"https:\/\/schema.org","@graph":[{"@type":"WebPage","@id":"https:\/\/albanien.ch\/albanien_info\/unterkunft-auf-dem-land\/","url":"https:\/\/albanien.ch\/albanien_info\/unterkunft-auf-dem-land\/","name":"Unterkunft auf dem Land &#8211; albanien.ch","isPartOf":{"@id":"https:\/\/albanien.ch\/albanien_info\/#website"},"primaryImageOfPage":{"@id":"https:\/\/albanien.ch\/albanien_info\/unterkunft-auf-dem-land\/#primaryimage"},"image":{"@id":"https:\/\/albanien.ch\/albanien_info\/unterkunft-auf-dem-land\/#primaryimage"},"thumbnailUrl":"https:\/\/i0.wp.com\/albanien.ch\/albanien_info\/wp-content\/uploads\/2017\/01\/Guesthouse_Theth_quadratisch.jpg?fit=800%2C800&ssl=1","datePublished":"2017-01-18T12:40:35+00:00","dateModified":"2017-01-18T13:35:14+00:00","description":"Online-Reisef\u00fchrer und weitere Landesinformationen zu Albanien: zahlreiche Reiseinfos und Sehensw\u00fcrdigkeiten aus erster Hand","breadcrumb":{"@id":"https:\/\/albanien.ch\/albanien_info\/unterkunft-auf-dem-land\/#breadcrumb"},"inLanguage":"de","potentialAction":[{"@type":"ReadAction","target":["https:\/\/albanien.ch\/albanien_info\/unterkunft-auf-dem-land\/"]}]},{"@type":"ImageObject","inLanguage":"de","@id":"https:\/\/albanien.ch\/albanien_info\/unterkunft-auf-dem-land\/#primaryimage","url":"https:\/\/i0.wp.com\/albanien.ch\/albanien_info\/wp-content\/uploads\/2017\/01\/Guesthouse_Theth_quadratisch.jpg?fit=800%2C800&ssl=1","contentUrl":"https:\/\/i0.wp.com\/albanien.ch\/albanien_info\/wp-content\/uploads\/2017\/01\/Guesthouse_Theth_quadratisch.jpg?fit=800%2C800&ssl=1","width":800,"height":800,"caption":"Guesthouse in Theth"},{"@type":"BreadcrumbList","@id":"https:\/\/albanien.ch\/albanien_info\/unterkunft-auf-dem-land\/#breadcrumb","itemListElement":[{"@type":"ListItem","position":1,"name":"Home","item":"https:\/\/albanien.ch\/albanien_info\/"},{"@type":"ListItem","position":2,"name":"Unterkunft auf dem Land"}]},{"@type":"WebSite","@id":"https:\/\/albanien.ch\/albanien_info\/#website","url":"https:\/\/albanien.ch\/albanien_info\/","name":"AlbINFO","description":"Albanien Reiseinformationen von albanien.ch","publisher":{"@id":"https:\/\/albanien.ch\/albanien_info\/#organization"},"potentialAction":[{"@type":"SearchAction","target":{"@type":"EntryPoint","urlTemplate":"https:\/\/albanien.ch\/albanien_info\/?s={search_term_string}"},"query-input":{"@type":"PropertyValueSpecification","valueRequired":true,"valueName":"search_term_string"}}],"inLanguage":"de"},{"@type":"Organization","@id":"https:\/\/albanien.ch\/albanien_info\/#organization","name":"albanien.ch","url":"https:\/\/albanien.ch\/albanien_info\/","logo":{"@type":"ImageObject","inLanguage":"de","@id":"https:\/\/albanien.ch\/albanien_info\/#\/schema\/logo\/image\/","url":"https:\/\/i0.wp.com\/albanien.ch\/albanien_info\/wp-content\/uploads\/2016\/11\/albaniench_square.png?fit=415%2C415&ssl=1","contentUrl":"https:\/\/i0.wp.com\/albanien.ch\/albanien_info\/wp-content\/uploads\/2016\/11\/albaniench_square.png?fit=415%2C415&ssl=1","width":415,"height":415,"caption":"albanien.ch"},"image":{"@id":"https:\/\/albanien.ch\/albanien_info\/#\/schema\/logo\/image\/"},"sameAs":["https:\/\/www.facebook.com\/albaniench\/","https:\/\/x.com\/alb_info","https:\/\/www.instagram.com\/alb_info\/"]}]}},"jetpack_sharing_enabled":true,"jetpack_shortlink":"https:\/\/wp.me\/P5VAQP-Jt","_links":{"self":[{"href":"https:\/\/albanien.ch\/albanien_info\/wp-json\/wp\/v2\/pages\/2819","targetHints":{"allow":["GET"]}}],"collection":[{"href":"https:\/\/albanien.ch\/albanien_info\/wp-json\/wp\/v2\/pages"}],"about":[{"href":"https:\/\/albanien.ch\/albanien_info\/wp-json\/wp\/v2\/types\/page"}],"author":[{"embeddable":true,"href":"https:\/\/albanien.ch\/albanien_info\/wp-json\/wp\/v2\/users\/1"}],"replies":[{"embeddable":true,"href":"https:\/\/albanien.ch\/albanien_info\/wp-json\/wp\/v2\/comments?post=2819"}],"version-history":[{"count":3,"href":"https:\/\/albanien.ch\/albanien_info\/wp-json\/wp\/v2\/pages\/2819\/revisions"}],"predecessor-version":[{"id":2835,"href":"https:\/\/albanien.ch\/albanien_info\/wp-json\/wp\/v2\/pages\/2819\/revisions\/2835"}],"wp:featuredmedia":[{"embeddable":true,"href":"https:\/\/albanien.ch\/albanien_info\/wp-json\/wp\/v2\/media\/2821"}],"wp:attachment":[{"href":"https:\/\/albanien.ch\/albanien_info\/wp-json\/wp\/v2\/media?parent=2819"}],"wp:term":[{"taxonomy":"category","embeddable":true,"href":"https:\/\/albanien.ch\/albanien_info\/wp-json\/wp\/v2\/categories?post=2819"},{"taxonomy":"post_tag","embeddable":true,"href":"https:\/\/albanien.ch\/albanien_info\/wp-json\/wp\/v2\/tags?post=2819"}],"curies":[{"name":"wp","href":"https:\/\/api.w.org\/{rel}","templated":true}]}}