{"id":2811,"date":"2017-01-17T00:36:38","date_gmt":"2017-01-16T23:36:38","guid":{"rendered":"https:\/\/albanien.ch\/albanien_info\/?page_id=2811"},"modified":"2019-08-25T16:13:01","modified_gmt":"2019-08-25T14:13:01","slug":"unbekannte-sehenswuerdigkeiten","status":"publish","type":"page","link":"https:\/\/albanien.ch\/albanien_info\/unbekannte-sehenswuerdigkeiten\/","title":{"rendered":"Wenig bekannte Sehensw\u00fcrdigkeiten"},"content":{"rendered":"<h3>Wenig bekannte und neue Sehensw\u00fcrdigkeiten in Albanien<\/h3>\n<figure id=\"attachment_1914\" aria-describedby=\"caption-attachment-1914\" style=\"width: 300px\" class=\"wp-caption alignright\"><a href=\"https:\/\/albanien.ch\/albanien_info\/berat\/kucova_perondi_kirche\/\"><img data-recalc-dims=\"1\" loading=\"lazy\" decoding=\"async\" data-attachment-id=\"1914\" data-permalink=\"https:\/\/albanien.ch\/albanien_info\/berat\/kucova_perondi_kirche\/\" data-orig-file=\"https:\/\/i0.wp.com\/albanien.ch\/albanien_info\/wp-content\/uploads\/2015\/08\/Kucova_Perondi_Kirche.jpg?fit=1482%2C1000&amp;ssl=1\" data-orig-size=\"1482,1000\" data-comments-opened=\"1\" data-image-meta=\"{&quot;aperture&quot;:&quot;0&quot;,&quot;credit&quot;:&quot;&quot;,&quot;camera&quot;:&quot;&quot;,&quot;caption&quot;:&quot;&quot;,&quot;created_timestamp&quot;:&quot;0&quot;,&quot;copyright&quot;:&quot;&quot;,&quot;focal_length&quot;:&quot;0&quot;,&quot;iso&quot;:&quot;0&quot;,&quot;shutter_speed&quot;:&quot;0&quot;,&quot;title&quot;:&quot;&quot;,&quot;orientation&quot;:&quot;0&quot;}\" data-image-title=\"Ku\u00e7ova St-Niklaus-Kirche\" data-image-description=\"&lt;p&gt;Kirche in Perondi&lt;\/p&gt;\n\" data-image-caption=\"&lt;p&gt;Perondi: St. Niklaus-Kirche&lt;\/p&gt;\n\" data-medium-file=\"https:\/\/i0.wp.com\/albanien.ch\/albanien_info\/wp-content\/uploads\/2015\/08\/Kucova_Perondi_Kirche.jpg?fit=300%2C202&amp;ssl=1\" data-large-file=\"https:\/\/i0.wp.com\/albanien.ch\/albanien_info\/wp-content\/uploads\/2015\/08\/Kucova_Perondi_Kirche.jpg?fit=525%2C354&amp;ssl=1\" class=\"wp-image-1914 size-medium\" src=\"https:\/\/i0.wp.com\/albanien.ch\/albanien_info\/wp-content\/uploads\/2015\/08\/Kucova_Perondi_Kirche.jpg?resize=300%2C202&#038;ssl=1\" alt=\"Eine wenig bekannte Sehensw\u00fcrdigkeit in Albanien: Kirche von Perondi\" width=\"300\" height=\"202\" srcset=\"https:\/\/i0.wp.com\/albanien.ch\/albanien_info\/wp-content\/uploads\/2015\/08\/Kucova_Perondi_Kirche.jpg?resize=300%2C202&amp;ssl=1 300w, https:\/\/i0.wp.com\/albanien.ch\/albanien_info\/wp-content\/uploads\/2015\/08\/Kucova_Perondi_Kirche.jpg?resize=768%2C518&amp;ssl=1 768w, https:\/\/i0.wp.com\/albanien.ch\/albanien_info\/wp-content\/uploads\/2015\/08\/Kucova_Perondi_Kirche.jpg?resize=1024%2C691&amp;ssl=1 1024w, https:\/\/i0.wp.com\/albanien.ch\/albanien_info\/wp-content\/uploads\/2015\/08\/Kucova_Perondi_Kirche.jpg?w=1482&amp;ssl=1 1482w\" sizes=\"auto, (max-width: 300px) 100vw, 300px\" \/><\/a><figcaption id=\"caption-attachment-1914\" class=\"wp-caption-text\">Perondi: St. Niklaus-Kirche<\/figcaption><\/figure>\n<p>Albanien bietet noch viele versteckte Sehensw\u00fcrdigkeiten, die kaum jemandem bekannt sind \u2013 von ein paar unscheinbaren Ruinen bis zur kleinen Sensation. In unserem <a href=\"http:\/\/www.albanien.ch\/forum\/newinst\/viewtopic.php?f=3&amp;t=16684\"><i class=\"wp-svg-forward forward\"><\/i> Forum<\/a> haben wir verschiedene neue und neu entdeckte Sehensw\u00fcrdigkeiten zusammengetragen.<\/p>\n<p>Zur besseren \u00dcbersicht haben wir diese Orte auf untenstehender Karte vermerkt.<\/p>\n<i class=\"wp-svg-notification notification\"><\/i> Nicht alle von diesen Sehensw\u00fcrdigkeiten wurden pers\u00f6nlich von uns besucht. Zum Teil haben sie auch mehr historische oder lokale Bedeutung als touristische \u2013 einige d\u00fcrften also nicht f\u00fcr jeden Reisenden von Interesse sein. Bitte unbedingt die verlinkten Beschreibungen und allf\u00e4llige weitere Informationen konsultieren, um den touristischen Wert der Sehensw\u00fcrdigkeit einzusch\u00e4tzen. Es sind aber durchaus ein paar sehr interessante Objekte dabei. Die Kategorien und Farben helfen bei der Orientierung.<\/p>\n<p>Wir k\u00f6nnen leider nicht garantieren, dass diese Objekte erreichbar, zug\u00e4nglich, regelm\u00e4ssig ge\u00f6ffnet oder noch immer vorhanden sind. Die Liste ist auch nicht vollst\u00e4ndig, sondern stellt nur eine Auswahl dar. Die Koordinaten wurden mit gr\u00f6sster Sorgfalt eruiert, k\u00f6nnen aber nicht in jedem Fall genau garantiert werden. Feedback ist nat\u00fcrlich jederzeit willkommen.<\/p>\n<i class=\"wp-svg-point-right point-right\"><\/i> \u00dcber das Pfeilsymbol neben dem Kartentitel k\u00f6nnen einzelne Kategorien von Sehensw\u00fcrdigkeiten aus-\/eingeblendet werden.<br \/>\nDie Liste wird laufend erg\u00e4nzt.<\/p>\n<p><iframe loading=\"lazy\" src=\"https:\/\/www.google.com\/maps\/d\/embed?mid=1c3nPjF1taWe5dSHyAx3Yz0VFkbI\" width=\"640\" height=\"1000\"><\/iframe><\/p>\n","protected":false},"excerpt":{"rendered":"<p>Wenig bekannte und neue Sehensw\u00fcrdigkeiten in Albanien Albanien bietet noch viele versteckte Sehensw\u00fcrdigkeiten, die kaum jemandem bekannt sind \u2013 von ein paar unscheinbaren Ruinen bis&hellip;<\/p>\n","protected":false},"author":1,"featured_media":2815,"parent":0,"menu_order":0,"comment_status":"open","ping_status":"closed","template":"","meta":{"jetpack_post_was_ever_published":false,"footnotes":""},"categories":[197,9,11],"tags":[172,329],"class_list":["post-2811","page","type-page","status-publish","has-post-thumbnail","hentry","category-karten","category-travel","category-travel-tips","tag-karte","tag-sehenswuerdigkeit"],"yoast_head":"<!-- This site is optimized with the Yoast SEO plugin v27.2 - https:\/\/yoast.com\/product\/yoast-seo-wordpress\/ -->\n<title>Wenig bekannte Sehensw\u00fcrdigkeiten &#8211; albanien.ch<\/title>\n<meta name=\"description\" content=\"Online-Reisef\u00fchrer und weitere Landesinformationen zu Albanien: zahlreiche Reiseinfos und Sehensw\u00fcrdigkeiten aus erster Hand\" \/>\n<meta name=\"robots\" content=\"index, follow, max-snippet:-1, max-image-preview:large, max-video-preview:-1\" \/>\n<link rel=\"canonical\" href=\"https:\/\/albanien.ch\/albanien_info\/unbekannte-sehenswuerdigkeiten\/\" \/>\n<meta property=\"og:locale\" content=\"de_DE\" \/>\n<meta property=\"og:type\" content=\"article\" \/>\n<meta property=\"og:title\" content=\"Wenig bekannte Sehensw\u00fcrdigkeiten &#8211; albanien.ch\" \/>\n<meta property=\"og:description\" content=\"Online-Reisef\u00fchrer und weitere Landesinformationen zu Albanien: zahlreiche Reiseinfos und Sehensw\u00fcrdigkeiten aus erster Hand\" \/>\n<meta property=\"og:url\" content=\"https:\/\/albanien.ch\/albanien_info\/unbekannte-sehenswuerdigkeiten\/\" \/>\n<meta property=\"og:site_name\" content=\"AlbINFO\" \/>\n<meta property=\"article:publisher\" content=\"https:\/\/www.facebook.com\/albaniench\/\" \/>\n<meta property=\"article:modified_time\" content=\"2019-08-25T14:13:01+00:00\" \/>\n<meta property=\"og:image\" content=\"https:\/\/i0.wp.com\/albanien.ch\/albanien_info\/wp-content\/uploads\/2017\/01\/Tuerbe_der_Braut_quadratisch.jpg?fit=787%2C787&ssl=1\" \/>\n\t<meta property=\"og:image:width\" content=\"787\" \/>\n\t<meta property=\"og:image:height\" content=\"787\" \/>\n\t<meta property=\"og:image:type\" content=\"image\/jpeg\" \/>\n<meta name=\"twitter:card\" content=\"summary_large_image\" \/>\n<meta name=\"twitter:site\" content=\"@alb_info\" \/>\n<script type=\"application\/ld+json\" class=\"yoast-schema-graph\">{\"@context\":\"https:\/\/schema.org\",\"@graph\":[{\"@type\":\"WebPage\",\"@id\":\"https:\/\/albanien.ch\/albanien_info\/unbekannte-sehenswuerdigkeiten\/\",\"url\":\"https:\/\/albanien.ch\/albanien_info\/unbekannte-sehenswuerdigkeiten\/\",\"name\":\"Wenig bekannte Sehensw\u00fcrdigkeiten &#8211; albanien.ch\",\"isPartOf\":{\"@id\":\"https:\/\/albanien.ch\/albanien_info\/#website\"},\"primaryImageOfPage\":{\"@id\":\"https:\/\/albanien.ch\/albanien_info\/unbekannte-sehenswuerdigkeiten\/#primaryimage\"},\"image\":{\"@id\":\"https:\/\/albanien.ch\/albanien_info\/unbekannte-sehenswuerdigkeiten\/#primaryimage\"},\"thumbnailUrl\":\"https:\/\/i0.wp.com\/albanien.ch\/albanien_info\/wp-content\/uploads\/2017\/01\/Tuerbe_der_Braut_quadratisch.jpg?fit=787%2C787&ssl=1\",\"datePublished\":\"2017-01-16T23:36:38+00:00\",\"dateModified\":\"2019-08-25T14:13:01+00:00\",\"description\":\"Online-Reisef\u00fchrer und weitere Landesinformationen zu Albanien: zahlreiche Reiseinfos und Sehensw\u00fcrdigkeiten aus erster Hand\",\"breadcrumb\":{\"@id\":\"https:\/\/albanien.ch\/albanien_info\/unbekannte-sehenswuerdigkeiten\/#breadcrumb\"},\"inLanguage\":\"de\",\"potentialAction\":[{\"@type\":\"ReadAction\",\"target\":[\"https:\/\/albanien.ch\/albanien_info\/unbekannte-sehenswuerdigkeiten\/\"]}]},{\"@type\":\"ImageObject\",\"inLanguage\":\"de\",\"@id\":\"https:\/\/albanien.ch\/albanien_info\/unbekannte-sehenswuerdigkeiten\/#primaryimage\",\"url\":\"https:\/\/i0.wp.com\/albanien.ch\/albanien_info\/wp-content\/uploads\/2017\/01\/Tuerbe_der_Braut_quadratisch.jpg?fit=787%2C787&ssl=1\",\"contentUrl\":\"https:\/\/i0.wp.com\/albanien.ch\/albanien_info\/wp-content\/uploads\/2017\/01\/Tuerbe_der_Braut_quadratisch.jpg?fit=787%2C787&ssl=1\",\"width\":787,\"height\":787,\"caption\":\"T\u00fcrbe der Braut \u2013 Mullet, Tirana\"},{\"@type\":\"BreadcrumbList\",\"@id\":\"https:\/\/albanien.ch\/albanien_info\/unbekannte-sehenswuerdigkeiten\/#breadcrumb\",\"itemListElement\":[{\"@type\":\"ListItem\",\"position\":1,\"name\":\"Home\",\"item\":\"https:\/\/albanien.ch\/albanien_info\/\"},{\"@type\":\"ListItem\",\"position\":2,\"name\":\"Wenig bekannte Sehensw\u00fcrdigkeiten\"}]},{\"@type\":\"WebSite\",\"@id\":\"https:\/\/albanien.ch\/albanien_info\/#website\",\"url\":\"https:\/\/albanien.ch\/albanien_info\/\",\"name\":\"AlbINFO\",\"description\":\"Albanien Reiseinformationen von albanien.ch\",\"publisher\":{\"@id\":\"https:\/\/albanien.ch\/albanien_info\/#organization\"},\"potentialAction\":[{\"@type\":\"SearchAction\",\"target\":{\"@type\":\"EntryPoint\",\"urlTemplate\":\"https:\/\/albanien.ch\/albanien_info\/?s={search_term_string}\"},\"query-input\":{\"@type\":\"PropertyValueSpecification\",\"valueRequired\":true,\"valueName\":\"search_term_string\"}}],\"inLanguage\":\"de\"},{\"@type\":\"Organization\",\"@id\":\"https:\/\/albanien.ch\/albanien_info\/#organization\",\"name\":\"albanien.ch\",\"url\":\"https:\/\/albanien.ch\/albanien_info\/\",\"logo\":{\"@type\":\"ImageObject\",\"inLanguage\":\"de\",\"@id\":\"https:\/\/albanien.ch\/albanien_info\/#\/schema\/logo\/image\/\",\"url\":\"https:\/\/i0.wp.com\/albanien.ch\/albanien_info\/wp-content\/uploads\/2016\/11\/albaniench_square.png?fit=415%2C415&ssl=1\",\"contentUrl\":\"https:\/\/i0.wp.com\/albanien.ch\/albanien_info\/wp-content\/uploads\/2016\/11\/albaniench_square.png?fit=415%2C415&ssl=1\",\"width\":415,\"height\":415,\"caption\":\"albanien.ch\"},\"image\":{\"@id\":\"https:\/\/albanien.ch\/albanien_info\/#\/schema\/logo\/image\/\"},\"sameAs\":[\"https:\/\/www.facebook.com\/albaniench\/\",\"https:\/\/x.com\/alb_info\",\"https:\/\/www.instagram.com\/alb_info\/\"]}]}<\/script>\n<!-- \/ Yoast SEO plugin. -->","yoast_head_json":{"title":"Wenig bekannte Sehensw\u00fcrdigkeiten &#8211; albanien.ch","description":"Online-Reisef\u00fchrer und weitere Landesinformationen zu Albanien: zahlreiche Reiseinfos und Sehensw\u00fcrdigkeiten aus erster Hand","robots":{"index":"index","follow":"follow","max-snippet":"max-snippet:-1","max-image-preview":"max-image-preview:large","max-video-preview":"max-video-preview:-1"},"canonical":"https:\/\/albanien.ch\/albanien_info\/unbekannte-sehenswuerdigkeiten\/","og_locale":"de_DE","og_type":"article","og_title":"Wenig bekannte Sehensw\u00fcrdigkeiten &#8211; albanien.ch","og_description":"Online-Reisef\u00fchrer und weitere Landesinformationen zu Albanien: zahlreiche Reiseinfos und Sehensw\u00fcrdigkeiten aus erster Hand","og_url":"https:\/\/albanien.ch\/albanien_info\/unbekannte-sehenswuerdigkeiten\/","og_site_name":"AlbINFO","article_publisher":"https:\/\/www.facebook.com\/albaniench\/","article_modified_time":"2019-08-25T14:13:01+00:00","og_image":[{"width":787,"height":787,"url":"https:\/\/i0.wp.com\/albanien.ch\/albanien_info\/wp-content\/uploads\/2017\/01\/Tuerbe_der_Braut_quadratisch.jpg?fit=787%2C787&ssl=1","type":"image\/jpeg"}],"twitter_card":"summary_large_image","twitter_site":"@alb_info","schema":{"@context":"https:\/\/schema.org","@graph":[{"@type":"WebPage","@id":"https:\/\/albanien.ch\/albanien_info\/unbekannte-sehenswuerdigkeiten\/","url":"https:\/\/albanien.ch\/albanien_info\/unbekannte-sehenswuerdigkeiten\/","name":"Wenig bekannte Sehensw\u00fcrdigkeiten &#8211; albanien.ch","isPartOf":{"@id":"https:\/\/albanien.ch\/albanien_info\/#website"},"primaryImageOfPage":{"@id":"https:\/\/albanien.ch\/albanien_info\/unbekannte-sehenswuerdigkeiten\/#primaryimage"},"image":{"@id":"https:\/\/albanien.ch\/albanien_info\/unbekannte-sehenswuerdigkeiten\/#primaryimage"},"thumbnailUrl":"https:\/\/i0.wp.com\/albanien.ch\/albanien_info\/wp-content\/uploads\/2017\/01\/Tuerbe_der_Braut_quadratisch.jpg?fit=787%2C787&ssl=1","datePublished":"2017-01-16T23:36:38+00:00","dateModified":"2019-08-25T14:13:01+00:00","description":"Online-Reisef\u00fchrer und weitere Landesinformationen zu Albanien: zahlreiche Reiseinfos und Sehensw\u00fcrdigkeiten aus erster Hand","breadcrumb":{"@id":"https:\/\/albanien.ch\/albanien_info\/unbekannte-sehenswuerdigkeiten\/#breadcrumb"},"inLanguage":"de","potentialAction":[{"@type":"ReadAction","target":["https:\/\/albanien.ch\/albanien_info\/unbekannte-sehenswuerdigkeiten\/"]}]},{"@type":"ImageObject","inLanguage":"de","@id":"https:\/\/albanien.ch\/albanien_info\/unbekannte-sehenswuerdigkeiten\/#primaryimage","url":"https:\/\/i0.wp.com\/albanien.ch\/albanien_info\/wp-content\/uploads\/2017\/01\/Tuerbe_der_Braut_quadratisch.jpg?fit=787%2C787&ssl=1","contentUrl":"https:\/\/i0.wp.com\/albanien.ch\/albanien_info\/wp-content\/uploads\/2017\/01\/Tuerbe_der_Braut_quadratisch.jpg?fit=787%2C787&ssl=1","width":787,"height":787,"caption":"T\u00fcrbe der Braut \u2013 Mullet, Tirana"},{"@type":"BreadcrumbList","@id":"https:\/\/albanien.ch\/albanien_info\/unbekannte-sehenswuerdigkeiten\/#breadcrumb","itemListElement":[{"@type":"ListItem","position":1,"name":"Home","item":"https:\/\/albanien.ch\/albanien_info\/"},{"@type":"ListItem","position":2,"name":"Wenig bekannte Sehensw\u00fcrdigkeiten"}]},{"@type":"WebSite","@id":"https:\/\/albanien.ch\/albanien_info\/#website","url":"https:\/\/albanien.ch\/albanien_info\/","name":"AlbINFO","description":"Albanien Reiseinformationen von albanien.ch","publisher":{"@id":"https:\/\/albanien.ch\/albanien_info\/#organization"},"potentialAction":[{"@type":"SearchAction","target":{"@type":"EntryPoint","urlTemplate":"https:\/\/albanien.ch\/albanien_info\/?s={search_term_string}"},"query-input":{"@type":"PropertyValueSpecification","valueRequired":true,"valueName":"search_term_string"}}],"inLanguage":"de"},{"@type":"Organization","@id":"https:\/\/albanien.ch\/albanien_info\/#organization","name":"albanien.ch","url":"https:\/\/albanien.ch\/albanien_info\/","logo":{"@type":"ImageObject","inLanguage":"de","@id":"https:\/\/albanien.ch\/albanien_info\/#\/schema\/logo\/image\/","url":"https:\/\/i0.wp.com\/albanien.ch\/albanien_info\/wp-content\/uploads\/2016\/11\/albaniench_square.png?fit=415%2C415&ssl=1","contentUrl":"https:\/\/i0.wp.com\/albanien.ch\/albanien_info\/wp-content\/uploads\/2016\/11\/albaniench_square.png?fit=415%2C415&ssl=1","width":415,"height":415,"caption":"albanien.ch"},"image":{"@id":"https:\/\/albanien.ch\/albanien_info\/#\/schema\/logo\/image\/"},"sameAs":["https:\/\/www.facebook.com\/albaniench\/","https:\/\/x.com\/alb_info","https:\/\/www.instagram.com\/alb_info\/"]}]}},"jetpack_sharing_enabled":true,"jetpack_shortlink":"https:\/\/wp.me\/P5VAQP-Jl","_links":{"self":[{"href":"https:\/\/albanien.ch\/albanien_info\/wp-json\/wp\/v2\/pages\/2811","targetHints":{"allow":["GET"]}}],"collection":[{"href":"https:\/\/albanien.ch\/albanien_info\/wp-json\/wp\/v2\/pages"}],"about":[{"href":"https:\/\/albanien.ch\/albanien_info\/wp-json\/wp\/v2\/types\/page"}],"author":[{"embeddable":true,"href":"https:\/\/albanien.ch\/albanien_info\/wp-json\/wp\/v2\/users\/1"}],"replies":[{"embeddable":true,"href":"https:\/\/albanien.ch\/albanien_info\/wp-json\/wp\/v2\/comments?post=2811"}],"version-history":[{"count":8,"href":"https:\/\/albanien.ch\/albanien_info\/wp-json\/wp\/v2\/pages\/2811\/revisions"}],"predecessor-version":[{"id":3619,"href":"https:\/\/albanien.ch\/albanien_info\/wp-json\/wp\/v2\/pages\/2811\/revisions\/3619"}],"wp:featuredmedia":[{"embeddable":true,"href":"https:\/\/albanien.ch\/albanien_info\/wp-json\/wp\/v2\/media\/2815"}],"wp:attachment":[{"href":"https:\/\/albanien.ch\/albanien_info\/wp-json\/wp\/v2\/media?parent=2811"}],"wp:term":[{"taxonomy":"category","embeddable":true,"href":"https:\/\/albanien.ch\/albanien_info\/wp-json\/wp\/v2\/categories?post=2811"},{"taxonomy":"post_tag","embeddable":true,"href":"https:\/\/albanien.ch\/albanien_info\/wp-json\/wp\/v2\/tags?post=2811"}],"curies":[{"name":"wp","href":"https:\/\/api.w.org\/{rel}","templated":true}]}}