{"id":2546,"date":"2024-02-05T13:06:25","date_gmt":"2024-02-05T12:06:25","guid":{"rendered":"https:\/\/albanien.ch\/albanien_info\/?p=2546"},"modified":"2026-02-07T19:41:21","modified_gmt":"2026-02-07T18:41:21","slug":"reiseveranstalter","status":"publish","type":"page","link":"https:\/\/albanien.ch\/albanien_info\/reiseveranstalter\/","title":{"rendered":"Reiseveranstalter"},"content":{"rendered":"\n<h2 class=\"wp-block-heading\">Spezialisierte Reiseb\u00fcros f\u00fcr Albanien<\/h2>\n\n\n\n<ul class=\"wp-block-list\">\n<li><strong>Albanien Reisen GmbH<\/strong>, Greifensee, CH<br>Wanderreisen, Individualreisen<br>Tel. 044 586 20 18, 079 562 58 67, +355 69 762 52 16<br><a href=\"https:\/\/albanienreisen.ch\" target=\"_blank\" rel=\"noreferrer noopener\">Internet<\/a><\/li>\n\n\n\n<li><strong>Abenteuer Albanien<\/strong>, Tirana, AL\/Leipzig<br>Rruga Zija K\u00eblli\u00e7i, Tirana<br>Reiseagentur (deutschsprachig)<br>Tel.  +49 157 81908495<br><a href=\"http:\/\/www.abenteueralbanien.de\/\" target=\"_blank\" rel=\"noreferrer noopener\">Internet<\/a><\/li>\n\n\n\n<li><strong>Albania Holidays Ltd<\/strong>, Tirana, AL <br>Hotels, Rundreisen individual und Gruppen<br>Blvd. \u00abZogu I\u00bb, Tirana, Albania <br>Tel: +355 (0) 4 235498 <br><a href=\"http:\/\/www.albania-holidays.com\/\" target=\"_blank\" rel=\"noreferrer noopener\">Internet<\/a> &#8211; <a href=\"http:\/\/www.albania-hotel.com\/\" target=\"_blank\" rel=\"noreferrer noopener\">Online-Buchung Hotels<\/a><\/li>\n\n\n\n<li><strong>Romotour srl<\/strong><br>Gef\u00fchrte Motorradtouren<br>Strada Carpati Nr. 31a, 435700 Viseu de Sus, Rum\u00e4nien<br>Tel. +49 711 1228931<br><a href=\"https:\/\/romotour.ro\/motorradreisen-motorradtouren\/Motorbike-Tours.html#Gefuehrte-Motorradtouren-Albanien\" target=\"_blank\" rel=\"noreferrer noopener\">Internet<\/a><\/li>\n\n\n\n<li><strong>Camp-Adventure-Offroad<\/strong>, Gera <br>Gef\u00fchrte Gel\u00e4ndewagen- und Wohnmobilreisen <br>R.-Blum-Str. 11, 07545 Gera <br>Tel. +49 (0) 0365 37325 <br><a href=\"http:\/\/www.adventure-offroad.de\/albanien.htm\" target=\"_blank\" rel=\"noreferrer noopener\">Internet<\/a><\/li>\n\n\n\n<li><strong>Check Albania<\/strong>, Tirana<br>Individuelle Touren in Albanien (deutschsprachig)<br>4 Deshmoret , Tirana<br>Tel. +355 69 808 4444<br><a label=\" (opens in a new tab)\" href=\"https:\/\/check-albania.com\/?lang=de\" target=\"_blank\" rel=\"noreferrer noopener\">Internet<\/a><\/li>\n\n\n\n<li><strong>Iliria Agentur<\/strong>, Bochum <br>Rundreisen, Flug, Bus <br>Hauptstr. 190, 44892 Bochum <br>Tel: +49 (0) 234 387431 <br><a href=\"https:\/\/www.iliria-agentur.com\/de\/albanien-rundreisen\/\" target=\"_blank\" rel=\"noreferrer noopener\">Internet<\/a><\/li>\n\n\n\n<li><strong>Kosovo Tourism<\/strong>, Roga\u00e7ica, KS<br>Deutschsprachige Kleingruppen und Gruppenreisen in Kosova und Albanien<br>Xhevdet Kallaba, Roga\u00e7ica, 62080 Rogana<br>Tel. +377 (0) 44 144 929<br><a href=\"https:\/\/www.kosovo-tourism.ch\/\" target=\"_blank\" rel=\"noreferrer noopener\">Internet<\/a><\/li>\n\n\n\n<li><strong>Outdoor Albania<\/strong>, Tirana, AL <br>Abenteuertouren, Sportreisen <br>Rr. Siri Kodra 42\/1, Tirana <br>Tel: +355 (0) 4 272075 <br><a href=\"http:\/\/www.outdooralbania.com\/\" target=\"_blank\" rel=\"noreferrer noopener\">Internet<\/a><\/li>\n\n\n\n<li><strong>Reisen-in-Albanien<\/strong>, N\u00fcrnberg, DE <br>Gruppenreisen, Individualreisen <br>Dovestr.10, 90459 N\u00fcrnberg <br>Tel: +49 (0) 911 287 4824 <br><a href=\"http:\/\/www.reisen-in-albanien.de\/\" target=\"_blank\" rel=\"noreferrer noopener\">Internet<\/a><\/li>\n\n\n\n<li><strong>Skanderbeg-Reisen GmbH<\/strong>, Bochum <br>Gruppenreisen, Individualreisen, Fl\u00fcge &amp; F\u00e4hren <br>Friederikastr. 97, 44789 Bochum <br>Tel: +49 (0) 234 308686 <br><a href=\"http:\/\/www.skanderbeg.de\/\" target=\"_blank\" rel=\"noreferrer noopener\">Internet<\/a><\/li>\n\n\n\n<li><strong>Ride Albania Mountain Biking<\/strong><br>Mit Schweizer F\u00fchrung durch Albaniens Berge radeln<br>Tobias Gessler, Tirana<br>Tel. +355 69 284 70 18<br><a href=\"https:\/\/ride-albania.com\/\" target=\"_blank\" rel=\"noreferrer noopener\">Internet<\/a><\/li>\n\n\n\n<li><strong>Zbulo! Discover Albania<\/strong><br>Wanderreisen, Radreisen, weitere Aktivreisen (deutschsprachig)<br>Rr. Durresit 47, 1023, Tirana<br>Tel. +355 69 6731 932<br><a aria-label=\" (opens in a new tab)\" href=\"http:\/\/www.zbulo.org\/\" target=\"_blank\" rel=\"noreferrer noopener\">Internet<\/a><\/li>\n<\/ul>\n\n\n\n<div style=\"height:70px\" aria-hidden=\"true\" class=\"wp-block-spacer\"><\/div>\n\n\n\n<p class=\"has-text-align-left\">Fehlt etwas? Einfach <a href=\"https:\/\/www.albanien.ch\/albanien_info\/ueber-uns\/feedback\/\"><i class=\"wp-svg-bubble-2 bubble-2\"><\/i> melden<\/a>.<\/p>\n\n\n\n<div style=\"height:100px\" aria-hidden=\"true\" class=\"wp-block-spacer\"><\/div>\n\n\n\n<div class=\"wp-block-columns is-layout-flex wp-container-core-columns-is-layout-9d6595d7 wp-block-columns-is-layout-flex\">\n<div class=\"wp-block-column simple-alert-boxes sab_plain sab_small is-layout-flow wp-block-column-is-layout-flow\">\n<p class=\"has-small-font-size\">Wir <a href=\"https:\/\/albanien.ch\/albanien_info\/ueber-uns\/\">Autoren<\/a> dieser Seite bereisen Albanien teilweise schon sei 30 Jahren. Wir teilen hier unser Wissen und unsere pers\u00f6nlichen Erfahrungen. <a href=\"https:\/\/albanien.ch\/albanien_info\/ueber-uns\/feedback\/\">Feedback<\/a> ist immer willkommen.<\/p>\n<\/div>\n\n\n\n<div class=\"wp-block-column simple-alert-boxes sab_plain sab_small is-layout-flow wp-block-column-is-layout-flow\">\n<p class=\"has-small-font-size\"><strong>Vollst\u00e4ndig \u00fcberpr\u00fcft und \u00fcberarbeitet:<\/strong><\/p>\n\n\n<div class=\"wp-block-post-date has-small-font-size\"><time datetime=\"2024-02-05T13:06:25+01:00\">5. Februar 2024<\/time><\/div><\/div>\n\n\n\n<div class=\"wp-block-column simple-alert-boxes sab_plain sab_small is-layout-flow wp-block-column-is-layout-flow\">\n<p class=\"has-small-font-size\"><strong>Verwandte Themen:<\/strong><\/p>\n\n\n<div class=\"taxonomy-post_tag wp-block-post-terms\"><a href=\"https:\/\/albanien.ch\/albanien_info\/tag\/reisebuero\/\" rel=\"tag\">Reiseb\u00fcro<\/a><span class=\"wp-block-post-terms__separator\">, <\/span><a href=\"https:\/\/albanien.ch\/albanien_info\/tag\/reiseveranstalter\/\" rel=\"tag\">Reiseveranstalter<\/a><\/div><\/div>\n<\/div>\n","protected":false},"excerpt":{"rendered":"<p>Spezialisierte Reiseb\u00fcros f\u00fcr Albanien Fehlt etwas? Einfach melden.<\/p>\n","protected":false},"author":1,"featured_media":2547,"parent":0,"menu_order":0,"comment_status":"open","ping_status":"open","template":"","meta":{"jetpack_post_was_ever_published":false,"footnotes":""},"categories":[11],"tags":[401,400],"class_list":["post-2546","page","type-page","status-publish","has-post-thumbnail","hentry","category-travel-tips","tag-reisebuero","tag-reiseveranstalter"],"yoast_head":"<!-- This site is optimized with the Yoast SEO plugin v27.2 - https:\/\/yoast.com\/product\/yoast-seo-wordpress\/ -->\n<title>Reiseveranstalter f\u00fcr Albanien &#8211; Reiseinformationen &#8211; albanien.ch<\/title>\n<meta name=\"description\" content=\"Albanien-Informationen und Web-Portal \u2013 Empfohlene Reiseveranstalter f\u00fcr Albanien \u2013 Reisef\u00fchrer und weitere Landesinformationen\" \/>\n<meta name=\"robots\" content=\"index, follow, max-snippet:-1, max-image-preview:large, max-video-preview:-1\" \/>\n<link rel=\"canonical\" href=\"https:\/\/albanien.ch\/albanien_info\/reiseveranstalter\/\" \/>\n<meta property=\"og:locale\" content=\"de_DE\" \/>\n<meta property=\"og:type\" content=\"article\" \/>\n<meta property=\"og:title\" content=\"Reiseveranstalter f\u00fcr Albanien &#8211; Reiseinformationen &#8211; albanien.ch\" \/>\n<meta property=\"og:description\" content=\"Albanien-Informationen und Web-Portal \u2013 Empfohlene Reiseveranstalter f\u00fcr Albanien \u2013 Reisef\u00fchrer und weitere Landesinformationen\" \/>\n<meta property=\"og:url\" content=\"https:\/\/albanien.ch\/albanien_info\/reiseveranstalter\/\" \/>\n<meta property=\"og:site_name\" content=\"AlbINFO\" \/>\n<meta property=\"article:publisher\" content=\"https:\/\/www.facebook.com\/albaniench\/\" \/>\n<meta property=\"article:modified_time\" content=\"2026-02-07T18:41:21+00:00\" \/>\n<meta property=\"og:image\" content=\"https:\/\/albanien.ch\/albanien_info\/wp-content\/uploads\/2016\/07\/Japaner_in_TIrana.jpg\" \/>\n\t<meta property=\"og:image:width\" content=\"1080\" \/>\n\t<meta property=\"og:image:height\" content=\"1080\" \/>\n\t<meta property=\"og:image:type\" content=\"image\/jpeg\" \/>\n<meta name=\"twitter:card\" content=\"summary_large_image\" \/>\n<meta name=\"twitter:site\" content=\"@alb_info\" \/>\n<script type=\"application\/ld+json\" class=\"yoast-schema-graph\">{\"@context\":\"https:\/\/schema.org\",\"@graph\":[{\"@type\":\"WebPage\",\"@id\":\"https:\/\/albanien.ch\/albanien_info\/reiseveranstalter\/\",\"url\":\"https:\/\/albanien.ch\/albanien_info\/reiseveranstalter\/\",\"name\":\"Reiseveranstalter f\u00fcr Albanien &#8211; Reiseinformationen &#8211; albanien.ch\",\"isPartOf\":{\"@id\":\"https:\/\/albanien.ch\/albanien_info\/#website\"},\"primaryImageOfPage\":{\"@id\":\"https:\/\/albanien.ch\/albanien_info\/reiseveranstalter\/#primaryimage\"},\"image\":{\"@id\":\"https:\/\/albanien.ch\/albanien_info\/reiseveranstalter\/#primaryimage\"},\"thumbnailUrl\":\"https:\/\/i0.wp.com\/albanien.ch\/albanien_info\/wp-content\/uploads\/2016\/07\/Japaner_in_TIrana.jpg?fit=1080%2C1080&ssl=1\",\"datePublished\":\"2024-02-05T12:06:25+00:00\",\"dateModified\":\"2026-02-07T18:41:21+00:00\",\"description\":\"Albanien-Informationen und Web-Portal \u2013 Empfohlene Reiseveranstalter f\u00fcr Albanien \u2013 Reisef\u00fchrer und weitere Landesinformationen\",\"breadcrumb\":{\"@id\":\"https:\/\/albanien.ch\/albanien_info\/reiseveranstalter\/#breadcrumb\"},\"inLanguage\":\"de\",\"potentialAction\":[{\"@type\":\"ReadAction\",\"target\":[\"https:\/\/albanien.ch\/albanien_info\/reiseveranstalter\/\"]}]},{\"@type\":\"ImageObject\",\"inLanguage\":\"de\",\"@id\":\"https:\/\/albanien.ch\/albanien_info\/reiseveranstalter\/#primaryimage\",\"url\":\"https:\/\/i0.wp.com\/albanien.ch\/albanien_info\/wp-content\/uploads\/2016\/07\/Japaner_in_TIrana.jpg?fit=1080%2C1080&ssl=1\",\"contentUrl\":\"https:\/\/i0.wp.com\/albanien.ch\/albanien_info\/wp-content\/uploads\/2016\/07\/Japaner_in_TIrana.jpg?fit=1080%2C1080&ssl=1\",\"width\":1080,\"height\":1080,\"caption\":\"Touristen in Tirana\"},{\"@type\":\"BreadcrumbList\",\"@id\":\"https:\/\/albanien.ch\/albanien_info\/reiseveranstalter\/#breadcrumb\",\"itemListElement\":[{\"@type\":\"ListItem\",\"position\":1,\"name\":\"Home\",\"item\":\"https:\/\/albanien.ch\/albanien_info\/\"},{\"@type\":\"ListItem\",\"position\":2,\"name\":\"Reiseveranstalter\"}]},{\"@type\":\"WebSite\",\"@id\":\"https:\/\/albanien.ch\/albanien_info\/#website\",\"url\":\"https:\/\/albanien.ch\/albanien_info\/\",\"name\":\"AlbINFO\",\"description\":\"Albanien Reiseinformationen von albanien.ch\",\"publisher\":{\"@id\":\"https:\/\/albanien.ch\/albanien_info\/#organization\"},\"potentialAction\":[{\"@type\":\"SearchAction\",\"target\":{\"@type\":\"EntryPoint\",\"urlTemplate\":\"https:\/\/albanien.ch\/albanien_info\/?s={search_term_string}\"},\"query-input\":{\"@type\":\"PropertyValueSpecification\",\"valueRequired\":true,\"valueName\":\"search_term_string\"}}],\"inLanguage\":\"de\"},{\"@type\":\"Organization\",\"@id\":\"https:\/\/albanien.ch\/albanien_info\/#organization\",\"name\":\"albanien.ch\",\"url\":\"https:\/\/albanien.ch\/albanien_info\/\",\"logo\":{\"@type\":\"ImageObject\",\"inLanguage\":\"de\",\"@id\":\"https:\/\/albanien.ch\/albanien_info\/#\/schema\/logo\/image\/\",\"url\":\"https:\/\/i0.wp.com\/albanien.ch\/albanien_info\/wp-content\/uploads\/2016\/11\/albaniench_square.png?fit=415%2C415&ssl=1\",\"contentUrl\":\"https:\/\/i0.wp.com\/albanien.ch\/albanien_info\/wp-content\/uploads\/2016\/11\/albaniench_square.png?fit=415%2C415&ssl=1\",\"width\":415,\"height\":415,\"caption\":\"albanien.ch\"},\"image\":{\"@id\":\"https:\/\/albanien.ch\/albanien_info\/#\/schema\/logo\/image\/\"},\"sameAs\":[\"https:\/\/www.facebook.com\/albaniench\/\",\"https:\/\/x.com\/alb_info\",\"https:\/\/www.instagram.com\/alb_info\/\"]}]}<\/script>\n<!-- \/ Yoast SEO plugin. -->","yoast_head_json":{"title":"Reiseveranstalter f\u00fcr Albanien &#8211; Reiseinformationen &#8211; albanien.ch","description":"Albanien-Informationen und Web-Portal \u2013 Empfohlene Reiseveranstalter f\u00fcr Albanien \u2013 Reisef\u00fchrer und weitere Landesinformationen","robots":{"index":"index","follow":"follow","max-snippet":"max-snippet:-1","max-image-preview":"max-image-preview:large","max-video-preview":"max-video-preview:-1"},"canonical":"https:\/\/albanien.ch\/albanien_info\/reiseveranstalter\/","og_locale":"de_DE","og_type":"article","og_title":"Reiseveranstalter f\u00fcr Albanien &#8211; Reiseinformationen &#8211; albanien.ch","og_description":"Albanien-Informationen und Web-Portal \u2013 Empfohlene Reiseveranstalter f\u00fcr Albanien \u2013 Reisef\u00fchrer und weitere Landesinformationen","og_url":"https:\/\/albanien.ch\/albanien_info\/reiseveranstalter\/","og_site_name":"AlbINFO","article_publisher":"https:\/\/www.facebook.com\/albaniench\/","article_modified_time":"2026-02-07T18:41:21+00:00","og_image":[{"width":1080,"height":1080,"url":"https:\/\/albanien.ch\/albanien_info\/wp-content\/uploads\/2016\/07\/Japaner_in_TIrana.jpg","type":"image\/jpeg"}],"twitter_card":"summary_large_image","twitter_site":"@alb_info","schema":{"@context":"https:\/\/schema.org","@graph":[{"@type":"WebPage","@id":"https:\/\/albanien.ch\/albanien_info\/reiseveranstalter\/","url":"https:\/\/albanien.ch\/albanien_info\/reiseveranstalter\/","name":"Reiseveranstalter f\u00fcr Albanien &#8211; Reiseinformationen &#8211; albanien.ch","isPartOf":{"@id":"https:\/\/albanien.ch\/albanien_info\/#website"},"primaryImageOfPage":{"@id":"https:\/\/albanien.ch\/albanien_info\/reiseveranstalter\/#primaryimage"},"image":{"@id":"https:\/\/albanien.ch\/albanien_info\/reiseveranstalter\/#primaryimage"},"thumbnailUrl":"https:\/\/i0.wp.com\/albanien.ch\/albanien_info\/wp-content\/uploads\/2016\/07\/Japaner_in_TIrana.jpg?fit=1080%2C1080&ssl=1","datePublished":"2024-02-05T12:06:25+00:00","dateModified":"2026-02-07T18:41:21+00:00","description":"Albanien-Informationen und Web-Portal \u2013 Empfohlene Reiseveranstalter f\u00fcr Albanien \u2013 Reisef\u00fchrer und weitere Landesinformationen","breadcrumb":{"@id":"https:\/\/albanien.ch\/albanien_info\/reiseveranstalter\/#breadcrumb"},"inLanguage":"de","potentialAction":[{"@type":"ReadAction","target":["https:\/\/albanien.ch\/albanien_info\/reiseveranstalter\/"]}]},{"@type":"ImageObject","inLanguage":"de","@id":"https:\/\/albanien.ch\/albanien_info\/reiseveranstalter\/#primaryimage","url":"https:\/\/i0.wp.com\/albanien.ch\/albanien_info\/wp-content\/uploads\/2016\/07\/Japaner_in_TIrana.jpg?fit=1080%2C1080&ssl=1","contentUrl":"https:\/\/i0.wp.com\/albanien.ch\/albanien_info\/wp-content\/uploads\/2016\/07\/Japaner_in_TIrana.jpg?fit=1080%2C1080&ssl=1","width":1080,"height":1080,"caption":"Touristen in Tirana"},{"@type":"BreadcrumbList","@id":"https:\/\/albanien.ch\/albanien_info\/reiseveranstalter\/#breadcrumb","itemListElement":[{"@type":"ListItem","position":1,"name":"Home","item":"https:\/\/albanien.ch\/albanien_info\/"},{"@type":"ListItem","position":2,"name":"Reiseveranstalter"}]},{"@type":"WebSite","@id":"https:\/\/albanien.ch\/albanien_info\/#website","url":"https:\/\/albanien.ch\/albanien_info\/","name":"AlbINFO","description":"Albanien Reiseinformationen von albanien.ch","publisher":{"@id":"https:\/\/albanien.ch\/albanien_info\/#organization"},"potentialAction":[{"@type":"SearchAction","target":{"@type":"EntryPoint","urlTemplate":"https:\/\/albanien.ch\/albanien_info\/?s={search_term_string}"},"query-input":{"@type":"PropertyValueSpecification","valueRequired":true,"valueName":"search_term_string"}}],"inLanguage":"de"},{"@type":"Organization","@id":"https:\/\/albanien.ch\/albanien_info\/#organization","name":"albanien.ch","url":"https:\/\/albanien.ch\/albanien_info\/","logo":{"@type":"ImageObject","inLanguage":"de","@id":"https:\/\/albanien.ch\/albanien_info\/#\/schema\/logo\/image\/","url":"https:\/\/i0.wp.com\/albanien.ch\/albanien_info\/wp-content\/uploads\/2016\/11\/albaniench_square.png?fit=415%2C415&ssl=1","contentUrl":"https:\/\/i0.wp.com\/albanien.ch\/albanien_info\/wp-content\/uploads\/2016\/11\/albaniench_square.png?fit=415%2C415&ssl=1","width":415,"height":415,"caption":"albanien.ch"},"image":{"@id":"https:\/\/albanien.ch\/albanien_info\/#\/schema\/logo\/image\/"},"sameAs":["https:\/\/www.facebook.com\/albaniench\/","https:\/\/x.com\/alb_info","https:\/\/www.instagram.com\/alb_info\/"]}]}},"jetpack_sharing_enabled":true,"jetpack_shortlink":"https:\/\/wp.me\/P5VAQP-F4","_links":{"self":[{"href":"https:\/\/albanien.ch\/albanien_info\/wp-json\/wp\/v2\/pages\/2546","targetHints":{"allow":["GET"]}}],"collection":[{"href":"https:\/\/albanien.ch\/albanien_info\/wp-json\/wp\/v2\/pages"}],"about":[{"href":"https:\/\/albanien.ch\/albanien_info\/wp-json\/wp\/v2\/types\/page"}],"author":[{"embeddable":true,"href":"https:\/\/albanien.ch\/albanien_info\/wp-json\/wp\/v2\/users\/1"}],"replies":[{"embeddable":true,"href":"https:\/\/albanien.ch\/albanien_info\/wp-json\/wp\/v2\/comments?post=2546"}],"version-history":[{"count":20,"href":"https:\/\/albanien.ch\/albanien_info\/wp-json\/wp\/v2\/pages\/2546\/revisions"}],"predecessor-version":[{"id":8425,"href":"https:\/\/albanien.ch\/albanien_info\/wp-json\/wp\/v2\/pages\/2546\/revisions\/8425"}],"wp:featuredmedia":[{"embeddable":true,"href":"https:\/\/albanien.ch\/albanien_info\/wp-json\/wp\/v2\/media\/2547"}],"wp:attachment":[{"href":"https:\/\/albanien.ch\/albanien_info\/wp-json\/wp\/v2\/media?parent=2546"}],"wp:term":[{"taxonomy":"category","embeddable":true,"href":"https:\/\/albanien.ch\/albanien_info\/wp-json\/wp\/v2\/categories?post=2546"},{"taxonomy":"post_tag","embeddable":true,"href":"https:\/\/albanien.ch\/albanien_info\/wp-json\/wp\/v2\/tags?post=2546"}],"curies":[{"name":"wp","href":"https:\/\/api.w.org\/{rel}","templated":true}]}}