{"id":1724,"date":"2021-08-04T02:20:00","date_gmt":"2021-08-04T00:20:00","guid":{"rendered":"https:\/\/albanien.ch\/albanien_info\/?p=1724"},"modified":"2025-08-07T22:23:11","modified_gmt":"2025-08-07T20:23:11","slug":"karte-ortsbeschreibungen-albanien","status":"publish","type":"page","link":"https:\/\/albanien.ch\/albanien_info\/karte-ortsbeschreibungen-albanien\/","title":{"rendered":"St\u00e4dte und Sehensw\u00fcrdigkeiten in Albanien"},"content":{"rendered":"\n<p>Klicken Sie auf die Karte, um Beschreibungen zu den einzelnen St\u00e4dten, Regionen und Sehensw\u00fcrdigkeiten in Albanien aufzurufen.<\/p>\n\n\n\n<div class=\"wp-block-columns is-layout-flex wp-container-core-columns-is-layout-9d6595d7 wp-block-columns-is-layout-flex\">\n<div class=\"wp-block-column is-layout-flow wp-block-column-is-layout-flow\" style=\"flex-basis:10%\"><\/div>\n\n\n\n<div class=\"wp-block-column is-layout-flow wp-block-column-is-layout-flow\" style=\"flex-basis:80%\"><div id=\"image-map-pro-6858\"><\/div>\n<\/div>\n\n\n\n<div class=\"wp-block-column is-layout-flow wp-block-column-is-layout-flow\" style=\"flex-basis:10%\"><\/div>\n<\/div>\n\n\n\n<div style=\"height:100px\" aria-hidden=\"true\" class=\"wp-block-spacer\"><\/div>\n\n\n\n<h2 class=\"wp-block-heading\">Sehenswertes nach Regionen<\/h2>\n\n\n\n<div class=\"wp-block-columns is-layout-flex wp-container-core-columns-is-layout-9d6595d7 wp-block-columns-is-layout-flex\">\n<div class=\"wp-block-column is-layout-flow wp-block-column-is-layout-flow\">\n<h4 class=\"wp-block-heading\">Nordalbanien<\/h4>\n\n\n\n<ul class=\"wp-block-list\">\n<li><a href=\"https:\/\/albanien.ch\/albanien_info\/albanische-alpen\/\">Albanische Alpen<\/a><\/li>\n\n\n\n<li><a href=\"https:\/\/albanien.ch\/albanien_info\/shkodra\/\">Shkodra<\/a><\/li>\n\n\n\n<li><a href=\"https:\/\/albanien.ch\/albanien_info\/lezha\/\">Lezha &amp; Umgebung<\/a><\/li>\n\n\n\n<li><a href=\"https:\/\/albanien.ch\/albanien_info\/nordostalbanien-und-kukes\/\">Nordosten mit Kuk\u00ebs<\/a><\/li>\n\n\n\n<li><a href=\"https:\/\/albanien.ch\/albanien_info\/peshkopia-und-dibra\/\">Dibra &amp; Peshkopia \/ Ostalbanien<\/a><\/li>\n\n\n\n<li><a href=\"https:\/\/albanien.ch\/albanien_info\/kruja\/\">Kruja<\/a><\/li>\n<\/ul>\n<\/div>\n\n\n\n<div class=\"wp-block-column is-layout-flow wp-block-column-is-layout-flow\">\n<h4 class=\"wp-block-heading\">Albaniens Mitte<\/h4>\n\n\n\n<ul class=\"wp-block-list\">\n<li><a href=\"https:\/\/albanien.ch\/albanien_info\/tirana\/\">Tirana<\/a><\/li>\n\n\n\n<li><a href=\"https:\/\/albanien.ch\/albanien_info\/flughafen-tirana\/\">Flughafen Tirana<\/a><\/li>\n\n\n\n<li><a href=\"https:\/\/albanien.ch\/albanien_info\/durres\/\">Durr\u00ebs<\/a><\/li>\n\n\n\n<li><a href=\"https:\/\/albanien.ch\/albanien_info\/elbasan\/\">Elbasan<\/a><\/li>\n\n\n\n<li><a href=\"https:\/\/albanien.ch\/albanien_info\/zentralalbanien\/\">Myzeqe: K\u00fcstenebene<\/a><\/li>\n\n\n\n<li><a href=\"https:\/\/albanien.ch\/albanien_info\/berat\/\">Berat &amp; Skrapar<\/a><\/li>\n<\/ul>\n<\/div>\n\n\n\n<div class=\"wp-block-column is-layout-flow wp-block-column-is-layout-flow\">\n<h4 class=\"wp-block-heading\">S\u00fcdalbanien &amp; S\u00fcdostalbanien<\/h4>\n\n\n\n<ul class=\"wp-block-list\">\n<li><a href=\"https:\/\/albanien.ch\/albanien_info\/vlora\/\">Vlora<\/a><\/li>\n\n\n\n<li><a href=\"https:\/\/albanien.ch\/albanien_info\/albanische-riviera\/\">Albanische Riviera<\/a><\/li>\n\n\n\n<li><a href=\"https:\/\/albanien.ch\/albanien_info\/saranda-butrint\/\">Saranda &amp; Butrint<\/a><\/li>\n\n\n\n<li><a href=\"https:\/\/albanien.ch\/albanien_info\/gjirokastra\/\">Gjirokastra<\/a><\/li>\n\n\n\n<li><a href=\"https:\/\/albanien.ch\/albanien_info\/vjosa-tal\/\">Vjosa-Tal<\/a><\/li>\n\n\n\n<li><a href=\"https:\/\/albanien.ch\/albanien_info\/pogradec\/\">Pogradec &amp; Ohridsee<\/a> <\/li>\n\n\n\n<li><a href=\"https:\/\/albanien.ch\/albanien_info\/korca\/\">Kor\u00e7a<\/a><\/li>\n\n\n\n<li><a href=\"https:\/\/albanien.ch\/albanien_info\/voskopoja-und-vithkuq\/\">Voskopoja &amp; Vithkuq<\/a><\/li>\n\n\n\n<li><a href=\"https:\/\/albanien.ch\/albanien_info\/morava-gebirge-mborja-dardha\/\">Morava-Gebirge<\/a><\/li>\n\n\n\n<li><a href=\"https:\/\/albanien.ch\/albanien_info\/prespa-seen\/\">Prespa-Seen<\/a><\/li>\n<\/ul>\n<\/div>\n<\/div>\n\n\n\n<div class=\"wp-block-columns is-layout-flex wp-container-core-columns-is-layout-9d6595d7 wp-block-columns-is-layout-flex\">\n<div class=\"wp-block-column boxgap has-background is-layout-flow wp-block-column-is-layout-flow\" style=\"background-color:#a0030c\">\n<h3 class=\"wp-block-heading has-text-align-center has-text-color\" style=\"color:#f4d4ae\"><strong>Albanian Night \u2013 Dinner-Folklore-Show in Tirana<\/strong><\/h3>\n\n\n<div class=\"wp-block-image desktop-only\">\n<figure class=\"aligncenter size-full\"><a href=\"https:\/\/albaniannight.com\/de\/events\/dinner-show\/?th-reseller-ref=INFOALB\" target=\"_blank\" rel=\"noreferrer noopener\"><img data-recalc-dims=\"1\" loading=\"lazy\" decoding=\"async\" width=\"525\" height=\"65\" data-attachment-id=\"8211\" data-permalink=\"https:\/\/albanien.ch\/albanien_info\/set-1-728x90\/\" data-orig-file=\"https:\/\/i0.wp.com\/albanien.ch\/albanien_info\/wp-content\/uploads\/2025\/08\/Set-1-728x90-1.jpg?fit=728%2C90&amp;ssl=1\" data-orig-size=\"728,90\" data-comments-opened=\"1\" data-image-meta=\"{&quot;aperture&quot;:&quot;0&quot;,&quot;credit&quot;:&quot;&quot;,&quot;camera&quot;:&quot;&quot;,&quot;caption&quot;:&quot;&quot;,&quot;created_timestamp&quot;:&quot;0&quot;,&quot;copyright&quot;:&quot;&quot;,&quot;focal_length&quot;:&quot;0&quot;,&quot;iso&quot;:&quot;0&quot;,&quot;shutter_speed&quot;:&quot;0&quot;,&quot;title&quot;:&quot;&quot;,&quot;orientation&quot;:&quot;0&quot;}\" data-image-title=\"Albanian Night Set_1 728&#215;90 Banner\" data-image-description=\"&lt;p&gt;Folklore-Abend Albanian Night in Tirana&lt;\/p&gt;\n&lt;p&gt;&lt;strong&gt;Dieses Werk ist nicht unter der Standard-Creative-Commons-Lizenz f\u00fcr diese Website lizenziert!&lt;\/strong&gt;&lt;\/p&gt;\n\" data-image-caption=\"&lt;p&gt;Folklore-Abend Albanian Night in Tirana&lt;\/p&gt;\n\" data-medium-file=\"https:\/\/i0.wp.com\/albanien.ch\/albanien_info\/wp-content\/uploads\/2025\/08\/Set-1-728x90-1.jpg?fit=300%2C37&amp;ssl=1\" data-large-file=\"https:\/\/i0.wp.com\/albanien.ch\/albanien_info\/wp-content\/uploads\/2025\/08\/Set-1-728x90-1.jpg?fit=525%2C65&amp;ssl=1\" src=\"https:\/\/i0.wp.com\/albanien.ch\/albanien_info\/wp-content\/uploads\/2025\/08\/Set-1-728x90-1.jpg?resize=525%2C65&#038;ssl=1\" alt=\"Folklore-Abend Albanian Night in Tirana buchen\" class=\"wp-image-8211\" srcset=\"https:\/\/i0.wp.com\/albanien.ch\/albanien_info\/wp-content\/uploads\/2025\/08\/Set-1-728x90-1.jpg?w=728&amp;ssl=1 728w, https:\/\/i0.wp.com\/albanien.ch\/albanien_info\/wp-content\/uploads\/2025\/08\/Set-1-728x90-1.jpg?resize=300%2C37&amp;ssl=1 300w\" sizes=\"auto, (max-width: 525px) 100vw, 525px\" \/><\/a><\/figure><\/div>\n\n<div class=\"wp-block-image mobile-only\">\n<figure class=\"aligncenter size-full\"><a href=\"https:\/\/albaniannight.com\/de\/events\/dinner-show\/?th-reseller-ref=INFOALB\" target=\"_blank\" rel=\"noreferrer noopener\"><img data-recalc-dims=\"1\" loading=\"lazy\" decoding=\"async\" width=\"500\" height=\"500\" data-attachment-id=\"8230\" data-permalink=\"https:\/\/albanien.ch\/albanien_info\/set-1-500x500\/\" data-orig-file=\"https:\/\/i0.wp.com\/albanien.ch\/albanien_info\/wp-content\/uploads\/2025\/08\/Set-1-500x500-1.png?fit=500%2C500&amp;ssl=1\" data-orig-size=\"500,500\" data-comments-opened=\"1\" data-image-meta=\"{&quot;aperture&quot;:&quot;0&quot;,&quot;credit&quot;:&quot;&quot;,&quot;camera&quot;:&quot;&quot;,&quot;caption&quot;:&quot;&quot;,&quot;created_timestamp&quot;:&quot;0&quot;,&quot;copyright&quot;:&quot;&quot;,&quot;focal_length&quot;:&quot;0&quot;,&quot;iso&quot;:&quot;0&quot;,&quot;shutter_speed&quot;:&quot;0&quot;,&quot;title&quot;:&quot;&quot;,&quot;orientation&quot;:&quot;0&quot;}\" data-image-title=\"Albanian Night Set_1  500&#215;500 SquareBig\" data-image-description=\"&lt;p&gt;Folklore-Abend Albanian Night in Tirana&lt;\/p&gt;\n&lt;p&gt;&lt;strong&gt;Dieses Werk ist nicht unter der Standard-Creative-Commons-Lizenz f\u00fcr diese Website lizenziert!&lt;\/strong&gt;&lt;\/p&gt;\n\" data-image-caption=\"&lt;p&gt;Folklore-Abend Albanian Night in Tirana&lt;\/p&gt;\n\" data-medium-file=\"https:\/\/i0.wp.com\/albanien.ch\/albanien_info\/wp-content\/uploads\/2025\/08\/Set-1-500x500-1.png?fit=300%2C300&amp;ssl=1\" data-large-file=\"https:\/\/i0.wp.com\/albanien.ch\/albanien_info\/wp-content\/uploads\/2025\/08\/Set-1-500x500-1.png?fit=500%2C500&amp;ssl=1\" src=\"https:\/\/i0.wp.com\/albanien.ch\/albanien_info\/wp-content\/uploads\/2025\/08\/Set-1-500x500-1.png?resize=500%2C500&#038;ssl=1\" alt=\"Folklore-Abend Albanian Night in Tirana buchen\" class=\"wp-image-8230\" srcset=\"https:\/\/i0.wp.com\/albanien.ch\/albanien_info\/wp-content\/uploads\/2025\/08\/Set-1-500x500-1.png?w=500&amp;ssl=1 500w, https:\/\/i0.wp.com\/albanien.ch\/albanien_info\/wp-content\/uploads\/2025\/08\/Set-1-500x500-1.png?resize=300%2C300&amp;ssl=1 300w, https:\/\/i0.wp.com\/albanien.ch\/albanien_info\/wp-content\/uploads\/2025\/08\/Set-1-500x500-1.png?resize=150%2C150&amp;ssl=1 150w\" sizes=\"auto, (max-width: 500px) 100vw, 500px\" \/><\/a><\/figure><\/div>\n\n\n<p class=\"has-text-align-center has-text-color\" style=\"color:#f4e4cc\"><strong>G\u00f6nnen Sie sich eine sinnliche Dosis<\/strong> <strong>albanischer Kultur mit einem<\/strong> <strong>traditionellen Tanz- und<\/strong> <strong>Musikprogramm in Tirana<\/strong><\/p>\n\n\n\n<div class=\"wp-block-buttons nogap is-content-justification-center is-layout-flex wp-container-core-buttons-is-layout-16018d1d wp-block-buttons-is-layout-flex\">\n<div class=\"wp-block-button is-style-outline is-style-outline--2\"><a class=\"wp-block-button__link has-text-color wp-element-button\" href=\"https:\/\/albaniannight.com\/de\/events\/dinner-show\/?th-reseller-ref=INFOALB\" style=\"color:#f4d4ae\" target=\"_blank\" rel=\"noreferrer noopener\">Jetzt Platz buchen<\/a><\/div>\n<\/div>\n\n\n\n<p class=\"has-text-align-right nogap has-small-font-size\">WERBUNG<\/p>\n<\/div>\n<\/div>\n\n\n\n<div style=\"height:120px\" aria-hidden=\"true\" class=\"wp-block-spacer\"><\/div>\n","protected":false},"excerpt":{"rendered":"<p>Beschreeibungen zu den St\u00e4dten, Regionen und Sehensw\u00fcrdigkeiten Albaniens \u2013 Orte auf der Karte ausw\u00e4hlen<\/p>\n","protected":false},"author":1,"featured_media":1732,"parent":0,"menu_order":0,"comment_status":"closed","ping_status":"open","template":"","meta":{"jetpack_post_was_ever_published":false,"footnotes":""},"categories":[197,10],"tags":[172,338,265,329,266],"class_list":["post-1724","page","type-page","status-publish","has-post-thumbnail","hentry","category-karten","category-places","tag-karte","tag-ortsbeschreibung","tag-region","tag-sehenswuerdigkeit","tag-stadt"],"yoast_head":"<!-- This site is optimized with the Yoast SEO plugin v27.2 - https:\/\/yoast.com\/product\/yoast-seo-wordpress\/ -->\n<title>Sehensw\u00fcrdigkeiten in Albanien &#8211; Online-Reisef\u00fchrer &#8211; albanien.ch<\/title>\n<meta name=\"description\" content=\"\u00dcbersichtskarte Albaniens mit allen wichtigen Sehensw\u00fcrdigkeiten: Online-Reisef\u00fchrer mit Ortsbeschreibungen und Landesinformationen\" \/>\n<meta name=\"robots\" content=\"index, follow, max-snippet:-1, max-image-preview:large, max-video-preview:-1\" \/>\n<link rel=\"canonical\" href=\"https:\/\/albanien.ch\/albanien_info\/karte-ortsbeschreibungen-albanien\/\" \/>\n<meta property=\"og:locale\" content=\"de_DE\" \/>\n<meta property=\"og:type\" content=\"article\" \/>\n<meta property=\"og:title\" content=\"Sehensw\u00fcrdigkeiten in Albanien &#8211; Online-Reisef\u00fchrer &#8211; albanien.ch\" \/>\n<meta property=\"og:description\" content=\"\u00dcbersichtskarte Albaniens mit allen wichtigen Sehensw\u00fcrdigkeiten: Online-Reisef\u00fchrer mit Ortsbeschreibungen und Landesinformationen\" \/>\n<meta property=\"og:url\" content=\"https:\/\/albanien.ch\/albanien_info\/karte-ortsbeschreibungen-albanien\/\" \/>\n<meta property=\"og:site_name\" content=\"AlbINFO\" \/>\n<meta property=\"article:publisher\" content=\"https:\/\/www.facebook.com\/albaniench\/\" \/>\n<meta property=\"article:modified_time\" content=\"2025-08-07T20:23:11+00:00\" \/>\n<meta property=\"og:image\" content=\"https:\/\/albanien.ch\/albanien_info\/wp-content\/uploads\/2015\/11\/Karte_Quadrat.jpg\" \/>\n\t<meta property=\"og:image:width\" content=\"500\" \/>\n\t<meta property=\"og:image:height\" content=\"500\" \/>\n\t<meta property=\"og:image:type\" content=\"image\/jpeg\" \/>\n<meta name=\"twitter:card\" content=\"summary_large_image\" \/>\n<meta name=\"twitter:site\" content=\"@alb_info\" \/>\n<script type=\"application\/ld+json\" class=\"yoast-schema-graph\">{\"@context\":\"https:\/\/schema.org\",\"@graph\":[{\"@type\":\"WebPage\",\"@id\":\"https:\/\/albanien.ch\/albanien_info\/karte-ortsbeschreibungen-albanien\/\",\"url\":\"https:\/\/albanien.ch\/albanien_info\/karte-ortsbeschreibungen-albanien\/\",\"name\":\"Sehensw\u00fcrdigkeiten in Albanien &#8211; Online-Reisef\u00fchrer &#8211; albanien.ch\",\"isPartOf\":{\"@id\":\"https:\/\/albanien.ch\/albanien_info\/#website\"},\"primaryImageOfPage\":{\"@id\":\"https:\/\/albanien.ch\/albanien_info\/karte-ortsbeschreibungen-albanien\/#primaryimage\"},\"image\":{\"@id\":\"https:\/\/albanien.ch\/albanien_info\/karte-ortsbeschreibungen-albanien\/#primaryimage\"},\"thumbnailUrl\":\"https:\/\/i0.wp.com\/albanien.ch\/albanien_info\/wp-content\/uploads\/2015\/11\/Karte_Quadrat.jpg?fit=500%2C500&ssl=1\",\"datePublished\":\"2021-08-04T00:20:00+00:00\",\"dateModified\":\"2025-08-07T20:23:11+00:00\",\"description\":\"\u00dcbersichtskarte Albaniens mit allen wichtigen Sehensw\u00fcrdigkeiten: Online-Reisef\u00fchrer mit Ortsbeschreibungen und Landesinformationen\",\"breadcrumb\":{\"@id\":\"https:\/\/albanien.ch\/albanien_info\/karte-ortsbeschreibungen-albanien\/#breadcrumb\"},\"inLanguage\":\"de\",\"potentialAction\":[{\"@type\":\"ReadAction\",\"target\":[\"https:\/\/albanien.ch\/albanien_info\/karte-ortsbeschreibungen-albanien\/\"]}]},{\"@type\":\"ImageObject\",\"inLanguage\":\"de\",\"@id\":\"https:\/\/albanien.ch\/albanien_info\/karte-ortsbeschreibungen-albanien\/#primaryimage\",\"url\":\"https:\/\/i0.wp.com\/albanien.ch\/albanien_info\/wp-content\/uploads\/2015\/11\/Karte_Quadrat.jpg?fit=500%2C500&ssl=1\",\"contentUrl\":\"https:\/\/i0.wp.com\/albanien.ch\/albanien_info\/wp-content\/uploads\/2015\/11\/Karte_Quadrat.jpg?fit=500%2C500&ssl=1\",\"width\":500,\"height\":500,\"caption\":\"Karte Sehensw\u00fcrdigkeiten Albanien\"},{\"@type\":\"BreadcrumbList\",\"@id\":\"https:\/\/albanien.ch\/albanien_info\/karte-ortsbeschreibungen-albanien\/#breadcrumb\",\"itemListElement\":[{\"@type\":\"ListItem\",\"position\":1,\"name\":\"Home\",\"item\":\"https:\/\/albanien.ch\/albanien_info\/\"},{\"@type\":\"ListItem\",\"position\":2,\"name\":\"St\u00e4dte und Sehensw\u00fcrdigkeiten in Albanien\"}]},{\"@type\":\"WebSite\",\"@id\":\"https:\/\/albanien.ch\/albanien_info\/#website\",\"url\":\"https:\/\/albanien.ch\/albanien_info\/\",\"name\":\"AlbINFO\",\"description\":\"Albanien Reiseinformationen von albanien.ch\",\"publisher\":{\"@id\":\"https:\/\/albanien.ch\/albanien_info\/#organization\"},\"potentialAction\":[{\"@type\":\"SearchAction\",\"target\":{\"@type\":\"EntryPoint\",\"urlTemplate\":\"https:\/\/albanien.ch\/albanien_info\/?s={search_term_string}\"},\"query-input\":{\"@type\":\"PropertyValueSpecification\",\"valueRequired\":true,\"valueName\":\"search_term_string\"}}],\"inLanguage\":\"de\"},{\"@type\":\"Organization\",\"@id\":\"https:\/\/albanien.ch\/albanien_info\/#organization\",\"name\":\"albanien.ch\",\"url\":\"https:\/\/albanien.ch\/albanien_info\/\",\"logo\":{\"@type\":\"ImageObject\",\"inLanguage\":\"de\",\"@id\":\"https:\/\/albanien.ch\/albanien_info\/#\/schema\/logo\/image\/\",\"url\":\"https:\/\/i0.wp.com\/albanien.ch\/albanien_info\/wp-content\/uploads\/2016\/11\/albaniench_square.png?fit=415%2C415&ssl=1\",\"contentUrl\":\"https:\/\/i0.wp.com\/albanien.ch\/albanien_info\/wp-content\/uploads\/2016\/11\/albaniench_square.png?fit=415%2C415&ssl=1\",\"width\":415,\"height\":415,\"caption\":\"albanien.ch\"},\"image\":{\"@id\":\"https:\/\/albanien.ch\/albanien_info\/#\/schema\/logo\/image\/\"},\"sameAs\":[\"https:\/\/www.facebook.com\/albaniench\/\",\"https:\/\/x.com\/alb_info\",\"https:\/\/www.instagram.com\/alb_info\/\"]}]}<\/script>\n<!-- \/ Yoast SEO plugin. -->","yoast_head_json":{"title":"Sehensw\u00fcrdigkeiten in Albanien &#8211; Online-Reisef\u00fchrer &#8211; albanien.ch","description":"\u00dcbersichtskarte Albaniens mit allen wichtigen Sehensw\u00fcrdigkeiten: Online-Reisef\u00fchrer mit Ortsbeschreibungen und Landesinformationen","robots":{"index":"index","follow":"follow","max-snippet":"max-snippet:-1","max-image-preview":"max-image-preview:large","max-video-preview":"max-video-preview:-1"},"canonical":"https:\/\/albanien.ch\/albanien_info\/karte-ortsbeschreibungen-albanien\/","og_locale":"de_DE","og_type":"article","og_title":"Sehensw\u00fcrdigkeiten in Albanien &#8211; Online-Reisef\u00fchrer &#8211; albanien.ch","og_description":"\u00dcbersichtskarte Albaniens mit allen wichtigen Sehensw\u00fcrdigkeiten: Online-Reisef\u00fchrer mit Ortsbeschreibungen und Landesinformationen","og_url":"https:\/\/albanien.ch\/albanien_info\/karte-ortsbeschreibungen-albanien\/","og_site_name":"AlbINFO","article_publisher":"https:\/\/www.facebook.com\/albaniench\/","article_modified_time":"2025-08-07T20:23:11+00:00","og_image":[{"width":500,"height":500,"url":"https:\/\/albanien.ch\/albanien_info\/wp-content\/uploads\/2015\/11\/Karte_Quadrat.jpg","type":"image\/jpeg"}],"twitter_card":"summary_large_image","twitter_site":"@alb_info","schema":{"@context":"https:\/\/schema.org","@graph":[{"@type":"WebPage","@id":"https:\/\/albanien.ch\/albanien_info\/karte-ortsbeschreibungen-albanien\/","url":"https:\/\/albanien.ch\/albanien_info\/karte-ortsbeschreibungen-albanien\/","name":"Sehensw\u00fcrdigkeiten in Albanien &#8211; Online-Reisef\u00fchrer &#8211; albanien.ch","isPartOf":{"@id":"https:\/\/albanien.ch\/albanien_info\/#website"},"primaryImageOfPage":{"@id":"https:\/\/albanien.ch\/albanien_info\/karte-ortsbeschreibungen-albanien\/#primaryimage"},"image":{"@id":"https:\/\/albanien.ch\/albanien_info\/karte-ortsbeschreibungen-albanien\/#primaryimage"},"thumbnailUrl":"https:\/\/i0.wp.com\/albanien.ch\/albanien_info\/wp-content\/uploads\/2015\/11\/Karte_Quadrat.jpg?fit=500%2C500&ssl=1","datePublished":"2021-08-04T00:20:00+00:00","dateModified":"2025-08-07T20:23:11+00:00","description":"\u00dcbersichtskarte Albaniens mit allen wichtigen Sehensw\u00fcrdigkeiten: Online-Reisef\u00fchrer mit Ortsbeschreibungen und Landesinformationen","breadcrumb":{"@id":"https:\/\/albanien.ch\/albanien_info\/karte-ortsbeschreibungen-albanien\/#breadcrumb"},"inLanguage":"de","potentialAction":[{"@type":"ReadAction","target":["https:\/\/albanien.ch\/albanien_info\/karte-ortsbeschreibungen-albanien\/"]}]},{"@type":"ImageObject","inLanguage":"de","@id":"https:\/\/albanien.ch\/albanien_info\/karte-ortsbeschreibungen-albanien\/#primaryimage","url":"https:\/\/i0.wp.com\/albanien.ch\/albanien_info\/wp-content\/uploads\/2015\/11\/Karte_Quadrat.jpg?fit=500%2C500&ssl=1","contentUrl":"https:\/\/i0.wp.com\/albanien.ch\/albanien_info\/wp-content\/uploads\/2015\/11\/Karte_Quadrat.jpg?fit=500%2C500&ssl=1","width":500,"height":500,"caption":"Karte Sehensw\u00fcrdigkeiten Albanien"},{"@type":"BreadcrumbList","@id":"https:\/\/albanien.ch\/albanien_info\/karte-ortsbeschreibungen-albanien\/#breadcrumb","itemListElement":[{"@type":"ListItem","position":1,"name":"Home","item":"https:\/\/albanien.ch\/albanien_info\/"},{"@type":"ListItem","position":2,"name":"St\u00e4dte und Sehensw\u00fcrdigkeiten in Albanien"}]},{"@type":"WebSite","@id":"https:\/\/albanien.ch\/albanien_info\/#website","url":"https:\/\/albanien.ch\/albanien_info\/","name":"AlbINFO","description":"Albanien Reiseinformationen von albanien.ch","publisher":{"@id":"https:\/\/albanien.ch\/albanien_info\/#organization"},"potentialAction":[{"@type":"SearchAction","target":{"@type":"EntryPoint","urlTemplate":"https:\/\/albanien.ch\/albanien_info\/?s={search_term_string}"},"query-input":{"@type":"PropertyValueSpecification","valueRequired":true,"valueName":"search_term_string"}}],"inLanguage":"de"},{"@type":"Organization","@id":"https:\/\/albanien.ch\/albanien_info\/#organization","name":"albanien.ch","url":"https:\/\/albanien.ch\/albanien_info\/","logo":{"@type":"ImageObject","inLanguage":"de","@id":"https:\/\/albanien.ch\/albanien_info\/#\/schema\/logo\/image\/","url":"https:\/\/i0.wp.com\/albanien.ch\/albanien_info\/wp-content\/uploads\/2016\/11\/albaniench_square.png?fit=415%2C415&ssl=1","contentUrl":"https:\/\/i0.wp.com\/albanien.ch\/albanien_info\/wp-content\/uploads\/2016\/11\/albaniench_square.png?fit=415%2C415&ssl=1","width":415,"height":415,"caption":"albanien.ch"},"image":{"@id":"https:\/\/albanien.ch\/albanien_info\/#\/schema\/logo\/image\/"},"sameAs":["https:\/\/www.facebook.com\/albaniench\/","https:\/\/x.com\/alb_info","https:\/\/www.instagram.com\/alb_info\/"]}]}},"jetpack_sharing_enabled":true,"jetpack_shortlink":"https:\/\/wp.me\/P5VAQP-rO","_links":{"self":[{"href":"https:\/\/albanien.ch\/albanien_info\/wp-json\/wp\/v2\/pages\/1724","targetHints":{"allow":["GET"]}}],"collection":[{"href":"https:\/\/albanien.ch\/albanien_info\/wp-json\/wp\/v2\/pages"}],"about":[{"href":"https:\/\/albanien.ch\/albanien_info\/wp-json\/wp\/v2\/types\/page"}],"author":[{"embeddable":true,"href":"https:\/\/albanien.ch\/albanien_info\/wp-json\/wp\/v2\/users\/1"}],"replies":[{"embeddable":true,"href":"https:\/\/albanien.ch\/albanien_info\/wp-json\/wp\/v2\/comments?post=1724"}],"version-history":[{"count":39,"href":"https:\/\/albanien.ch\/albanien_info\/wp-json\/wp\/v2\/pages\/1724\/revisions"}],"predecessor-version":[{"id":8242,"href":"https:\/\/albanien.ch\/albanien_info\/wp-json\/wp\/v2\/pages\/1724\/revisions\/8242"}],"wp:featuredmedia":[{"embeddable":true,"href":"https:\/\/albanien.ch\/albanien_info\/wp-json\/wp\/v2\/media\/1732"}],"wp:attachment":[{"href":"https:\/\/albanien.ch\/albanien_info\/wp-json\/wp\/v2\/media?parent=1724"}],"wp:term":[{"taxonomy":"category","embeddable":true,"href":"https:\/\/albanien.ch\/albanien_info\/wp-json\/wp\/v2\/categories?post=1724"},{"taxonomy":"post_tag","embeddable":true,"href":"https:\/\/albanien.ch\/albanien_info\/wp-json\/wp\/v2\/tags?post=1724"}],"curies":[{"name":"wp","href":"https:\/\/api.w.org\/{rel}","templated":true}]}}