{"id":1406,"date":"2015-08-24T18:50:52","date_gmt":"2015-08-24T16:50:52","guid":{"rendered":"https:\/\/albanien.ch\/albanien_info\/?page_id=1406"},"modified":"2019-07-28T13:40:26","modified_gmt":"2019-07-28T11:40:26","slug":"tirana-sehenswuerdigkeiten","status":"publish","type":"page","link":"https:\/\/albanien.ch\/albanien_info\/reisefuehrer-albanien\/staedte-und-regionen\/tirana-sehenswuerdigkeiten\/","title":{"rendered":"Tirana: Sehensw\u00fcrdigkeiten"},"content":{"rendered":"<p><strong>Sehensw\u00fcrdigkeiten und wichtige Einrichtungen in <a href=\"https:\/\/www.albanien.ch\/albanien_info\/tirana\/\"><i class=\"wp-svg-redo-2 redo-2\"><\/i> Tirana<\/a><\/strong><\/p>\n<i class=\"wp-svg-point-right point-right\"><\/i> Auf die Symbole klicken f\u00fcr weitere Details<br \/>\n<i class=\"wp-svg-zoom-in zoom-in\"><\/i>\u00a0 heranzoomen mit <i>+<\/i> f\u00fcr Details im Stadtzentrums<\/p>\n<p><iframe loading=\"lazy\" src=\"https:\/\/www.google.com\/maps\/d\/embed?mid=zOT7Ti7KzZR4.kMjpbstJMcSo&amp;hl=de\" width=\"640\" height=\"480\"><\/iframe><\/p>\n","protected":false},"excerpt":{"rendered":"<p>Sehensw\u00fcrdigkeiten und wichtige Einrichtungen in Tirana Auf die Symbole klicken f\u00fcr weitere Details \u00a0 heranzoomen mit + f\u00fcr Details im Stadtzentrums<\/p>\n","protected":false},"author":1,"featured_media":1422,"parent":16,"menu_order":0,"comment_status":"open","ping_status":"open","template":"","meta":{"jetpack_post_was_ever_published":false,"footnotes":""},"categories":[197,10],"tags":[172,329,188],"class_list":["post-1406","page","type-page","status-publish","has-post-thumbnail","hentry","category-karten","category-places","tag-karte","tag-sehenswuerdigkeit","tag-tirana"],"yoast_head":"<!-- This site is optimized with the Yoast SEO plugin v27.2 - https:\/\/yoast.com\/product\/yoast-seo-wordpress\/ -->\n<title>Tirana: Sehensw\u00fcrdigkeiten &#8211; albanien.ch<\/title>\n<meta name=\"description\" content=\"Online-Reisef\u00fchrer und weitere Landesinformationen zu Albanien: zahlreiche Reiseinfos und Sehensw\u00fcrdigkeiten aus erster Hand\" \/>\n<meta name=\"robots\" content=\"index, follow, max-snippet:-1, max-image-preview:large, max-video-preview:-1\" \/>\n<link rel=\"canonical\" href=\"https:\/\/albanien.ch\/albanien_info\/reisefuehrer-albanien\/staedte-und-regionen\/tirana-sehenswuerdigkeiten\/\" \/>\n<meta property=\"og:locale\" content=\"de_DE\" \/>\n<meta property=\"og:type\" content=\"article\" \/>\n<meta property=\"og:title\" content=\"Tirana: Sehensw\u00fcrdigkeiten &#8211; albanien.ch\" \/>\n<meta property=\"og:description\" content=\"Online-Reisef\u00fchrer und weitere Landesinformationen zu Albanien: zahlreiche Reiseinfos und Sehensw\u00fcrdigkeiten aus erster Hand\" \/>\n<meta property=\"og:url\" content=\"https:\/\/albanien.ch\/albanien_info\/reisefuehrer-albanien\/staedte-und-regionen\/tirana-sehenswuerdigkeiten\/\" \/>\n<meta property=\"og:site_name\" content=\"AlbINFO\" \/>\n<meta property=\"article:publisher\" content=\"https:\/\/www.facebook.com\/albaniench\/\" \/>\n<meta property=\"article:modified_time\" content=\"2019-07-28T11:40:26+00:00\" \/>\n<meta property=\"og:image\" content=\"https:\/\/i1.wp.com\/albanien.ch\/albanien_info\/wp-content\/uploads\/2015\/08\/Tirana_UraTabakeve_quadratisch.jpg?fit=1000%2C1000&ssl=1\" \/>\n\t<meta property=\"og:image:width\" content=\"1000\" \/>\n\t<meta property=\"og:image:height\" content=\"1000\" \/>\n\t<meta property=\"og:image:type\" content=\"image\/jpeg\" \/>\n<meta name=\"twitter:card\" content=\"summary_large_image\" \/>\n<meta name=\"twitter:site\" content=\"@alb_info\" \/>\n<script type=\"application\/ld+json\" class=\"yoast-schema-graph\">{\"@context\":\"https:\/\/schema.org\",\"@graph\":[{\"@type\":\"WebPage\",\"@id\":\"https:\/\/albanien.ch\/albanien_info\/reisefuehrer-albanien\/staedte-und-regionen\/tirana-sehenswuerdigkeiten\/\",\"url\":\"https:\/\/albanien.ch\/albanien_info\/reisefuehrer-albanien\/staedte-und-regionen\/tirana-sehenswuerdigkeiten\/\",\"name\":\"Tirana: Sehensw\u00fcrdigkeiten &#8211; albanien.ch\",\"isPartOf\":{\"@id\":\"https:\/\/albanien.ch\/albanien_info\/#website\"},\"primaryImageOfPage\":{\"@id\":\"https:\/\/albanien.ch\/albanien_info\/reisefuehrer-albanien\/staedte-und-regionen\/tirana-sehenswuerdigkeiten\/#primaryimage\"},\"image\":{\"@id\":\"https:\/\/albanien.ch\/albanien_info\/reisefuehrer-albanien\/staedte-und-regionen\/tirana-sehenswuerdigkeiten\/#primaryimage\"},\"thumbnailUrl\":\"https:\/\/i0.wp.com\/albanien.ch\/albanien_info\/wp-content\/uploads\/2015\/08\/Tirana_UraTabakeve_quadratisch.jpg?fit=1000%2C1000&ssl=1\",\"datePublished\":\"2015-08-24T16:50:52+00:00\",\"dateModified\":\"2019-07-28T11:40:26+00:00\",\"description\":\"Online-Reisef\u00fchrer und weitere Landesinformationen zu Albanien: zahlreiche Reiseinfos und Sehensw\u00fcrdigkeiten aus erster Hand\",\"breadcrumb\":{\"@id\":\"https:\/\/albanien.ch\/albanien_info\/reisefuehrer-albanien\/staedte-und-regionen\/tirana-sehenswuerdigkeiten\/#breadcrumb\"},\"inLanguage\":\"de\",\"potentialAction\":[{\"@type\":\"ReadAction\",\"target\":[\"https:\/\/albanien.ch\/albanien_info\/reisefuehrer-albanien\/staedte-und-regionen\/tirana-sehenswuerdigkeiten\/\"]}]},{\"@type\":\"ImageObject\",\"inLanguage\":\"de\",\"@id\":\"https:\/\/albanien.ch\/albanien_info\/reisefuehrer-albanien\/staedte-und-regionen\/tirana-sehenswuerdigkeiten\/#primaryimage\",\"url\":\"https:\/\/i0.wp.com\/albanien.ch\/albanien_info\/wp-content\/uploads\/2015\/08\/Tirana_UraTabakeve_quadratisch.jpg?fit=1000%2C1000&ssl=1\",\"contentUrl\":\"https:\/\/i0.wp.com\/albanien.ch\/albanien_info\/wp-content\/uploads\/2015\/08\/Tirana_UraTabakeve_quadratisch.jpg?fit=1000%2C1000&ssl=1\",\"width\":1000,\"height\":1000,\"caption\":\"Ura e Tabakave\"},{\"@type\":\"BreadcrumbList\",\"@id\":\"https:\/\/albanien.ch\/albanien_info\/reisefuehrer-albanien\/staedte-und-regionen\/tirana-sehenswuerdigkeiten\/#breadcrumb\",\"itemListElement\":[{\"@type\":\"ListItem\",\"position\":1,\"name\":\"Home\",\"item\":\"https:\/\/albanien.ch\/albanien_info\/\"},{\"@type\":\"ListItem\",\"position\":2,\"name\":\"Reisef\u00fchrer\",\"item\":\"https:\/\/albanien.ch\/albanien_info\/reisefuehrer-albanien\/\"},{\"@type\":\"ListItem\",\"position\":3,\"name\":\"St\u00e4dte und Regionen\",\"item\":\"https:\/\/albanien.ch\/albanien_info\/reisefuehrer-albanien\/staedte-und-regionen\/\"},{\"@type\":\"ListItem\",\"position\":4,\"name\":\"Tirana: Sehensw\u00fcrdigkeiten\"}]},{\"@type\":\"WebSite\",\"@id\":\"https:\/\/albanien.ch\/albanien_info\/#website\",\"url\":\"https:\/\/albanien.ch\/albanien_info\/\",\"name\":\"AlbINFO\",\"description\":\"Albanien Reiseinformationen von albanien.ch\",\"publisher\":{\"@id\":\"https:\/\/albanien.ch\/albanien_info\/#organization\"},\"potentialAction\":[{\"@type\":\"SearchAction\",\"target\":{\"@type\":\"EntryPoint\",\"urlTemplate\":\"https:\/\/albanien.ch\/albanien_info\/?s={search_term_string}\"},\"query-input\":{\"@type\":\"PropertyValueSpecification\",\"valueRequired\":true,\"valueName\":\"search_term_string\"}}],\"inLanguage\":\"de\"},{\"@type\":\"Organization\",\"@id\":\"https:\/\/albanien.ch\/albanien_info\/#organization\",\"name\":\"albanien.ch\",\"url\":\"https:\/\/albanien.ch\/albanien_info\/\",\"logo\":{\"@type\":\"ImageObject\",\"inLanguage\":\"de\",\"@id\":\"https:\/\/albanien.ch\/albanien_info\/#\/schema\/logo\/image\/\",\"url\":\"https:\/\/i0.wp.com\/albanien.ch\/albanien_info\/wp-content\/uploads\/2016\/11\/albaniench_square.png?fit=415%2C415&ssl=1\",\"contentUrl\":\"https:\/\/i0.wp.com\/albanien.ch\/albanien_info\/wp-content\/uploads\/2016\/11\/albaniench_square.png?fit=415%2C415&ssl=1\",\"width\":415,\"height\":415,\"caption\":\"albanien.ch\"},\"image\":{\"@id\":\"https:\/\/albanien.ch\/albanien_info\/#\/schema\/logo\/image\/\"},\"sameAs\":[\"https:\/\/www.facebook.com\/albaniench\/\",\"https:\/\/x.com\/alb_info\",\"https:\/\/www.instagram.com\/alb_info\/\"]}]}<\/script>\n<!-- \/ Yoast SEO plugin. -->","yoast_head_json":{"title":"Tirana: Sehensw\u00fcrdigkeiten &#8211; albanien.ch","description":"Online-Reisef\u00fchrer und weitere Landesinformationen zu Albanien: zahlreiche Reiseinfos und Sehensw\u00fcrdigkeiten aus erster Hand","robots":{"index":"index","follow":"follow","max-snippet":"max-snippet:-1","max-image-preview":"max-image-preview:large","max-video-preview":"max-video-preview:-1"},"canonical":"https:\/\/albanien.ch\/albanien_info\/reisefuehrer-albanien\/staedte-und-regionen\/tirana-sehenswuerdigkeiten\/","og_locale":"de_DE","og_type":"article","og_title":"Tirana: Sehensw\u00fcrdigkeiten &#8211; albanien.ch","og_description":"Online-Reisef\u00fchrer und weitere Landesinformationen zu Albanien: zahlreiche Reiseinfos und Sehensw\u00fcrdigkeiten aus erster Hand","og_url":"https:\/\/albanien.ch\/albanien_info\/reisefuehrer-albanien\/staedte-und-regionen\/tirana-sehenswuerdigkeiten\/","og_site_name":"AlbINFO","article_publisher":"https:\/\/www.facebook.com\/albaniench\/","article_modified_time":"2019-07-28T11:40:26+00:00","og_image":[{"width":1000,"height":1000,"url":"https:\/\/i1.wp.com\/albanien.ch\/albanien_info\/wp-content\/uploads\/2015\/08\/Tirana_UraTabakeve_quadratisch.jpg?fit=1000%2C1000&ssl=1","type":"image\/jpeg"}],"twitter_card":"summary_large_image","twitter_site":"@alb_info","schema":{"@context":"https:\/\/schema.org","@graph":[{"@type":"WebPage","@id":"https:\/\/albanien.ch\/albanien_info\/reisefuehrer-albanien\/staedte-und-regionen\/tirana-sehenswuerdigkeiten\/","url":"https:\/\/albanien.ch\/albanien_info\/reisefuehrer-albanien\/staedte-und-regionen\/tirana-sehenswuerdigkeiten\/","name":"Tirana: Sehensw\u00fcrdigkeiten &#8211; albanien.ch","isPartOf":{"@id":"https:\/\/albanien.ch\/albanien_info\/#website"},"primaryImageOfPage":{"@id":"https:\/\/albanien.ch\/albanien_info\/reisefuehrer-albanien\/staedte-und-regionen\/tirana-sehenswuerdigkeiten\/#primaryimage"},"image":{"@id":"https:\/\/albanien.ch\/albanien_info\/reisefuehrer-albanien\/staedte-und-regionen\/tirana-sehenswuerdigkeiten\/#primaryimage"},"thumbnailUrl":"https:\/\/i0.wp.com\/albanien.ch\/albanien_info\/wp-content\/uploads\/2015\/08\/Tirana_UraTabakeve_quadratisch.jpg?fit=1000%2C1000&ssl=1","datePublished":"2015-08-24T16:50:52+00:00","dateModified":"2019-07-28T11:40:26+00:00","description":"Online-Reisef\u00fchrer und weitere Landesinformationen zu Albanien: zahlreiche Reiseinfos und Sehensw\u00fcrdigkeiten aus erster Hand","breadcrumb":{"@id":"https:\/\/albanien.ch\/albanien_info\/reisefuehrer-albanien\/staedte-und-regionen\/tirana-sehenswuerdigkeiten\/#breadcrumb"},"inLanguage":"de","potentialAction":[{"@type":"ReadAction","target":["https:\/\/albanien.ch\/albanien_info\/reisefuehrer-albanien\/staedte-und-regionen\/tirana-sehenswuerdigkeiten\/"]}]},{"@type":"ImageObject","inLanguage":"de","@id":"https:\/\/albanien.ch\/albanien_info\/reisefuehrer-albanien\/staedte-und-regionen\/tirana-sehenswuerdigkeiten\/#primaryimage","url":"https:\/\/i0.wp.com\/albanien.ch\/albanien_info\/wp-content\/uploads\/2015\/08\/Tirana_UraTabakeve_quadratisch.jpg?fit=1000%2C1000&ssl=1","contentUrl":"https:\/\/i0.wp.com\/albanien.ch\/albanien_info\/wp-content\/uploads\/2015\/08\/Tirana_UraTabakeve_quadratisch.jpg?fit=1000%2C1000&ssl=1","width":1000,"height":1000,"caption":"Ura e Tabakave"},{"@type":"BreadcrumbList","@id":"https:\/\/albanien.ch\/albanien_info\/reisefuehrer-albanien\/staedte-und-regionen\/tirana-sehenswuerdigkeiten\/#breadcrumb","itemListElement":[{"@type":"ListItem","position":1,"name":"Home","item":"https:\/\/albanien.ch\/albanien_info\/"},{"@type":"ListItem","position":2,"name":"Reisef\u00fchrer","item":"https:\/\/albanien.ch\/albanien_info\/reisefuehrer-albanien\/"},{"@type":"ListItem","position":3,"name":"St\u00e4dte und Regionen","item":"https:\/\/albanien.ch\/albanien_info\/reisefuehrer-albanien\/staedte-und-regionen\/"},{"@type":"ListItem","position":4,"name":"Tirana: Sehensw\u00fcrdigkeiten"}]},{"@type":"WebSite","@id":"https:\/\/albanien.ch\/albanien_info\/#website","url":"https:\/\/albanien.ch\/albanien_info\/","name":"AlbINFO","description":"Albanien Reiseinformationen von albanien.ch","publisher":{"@id":"https:\/\/albanien.ch\/albanien_info\/#organization"},"potentialAction":[{"@type":"SearchAction","target":{"@type":"EntryPoint","urlTemplate":"https:\/\/albanien.ch\/albanien_info\/?s={search_term_string}"},"query-input":{"@type":"PropertyValueSpecification","valueRequired":true,"valueName":"search_term_string"}}],"inLanguage":"de"},{"@type":"Organization","@id":"https:\/\/albanien.ch\/albanien_info\/#organization","name":"albanien.ch","url":"https:\/\/albanien.ch\/albanien_info\/","logo":{"@type":"ImageObject","inLanguage":"de","@id":"https:\/\/albanien.ch\/albanien_info\/#\/schema\/logo\/image\/","url":"https:\/\/i0.wp.com\/albanien.ch\/albanien_info\/wp-content\/uploads\/2016\/11\/albaniench_square.png?fit=415%2C415&ssl=1","contentUrl":"https:\/\/i0.wp.com\/albanien.ch\/albanien_info\/wp-content\/uploads\/2016\/11\/albaniench_square.png?fit=415%2C415&ssl=1","width":415,"height":415,"caption":"albanien.ch"},"image":{"@id":"https:\/\/albanien.ch\/albanien_info\/#\/schema\/logo\/image\/"},"sameAs":["https:\/\/www.facebook.com\/albaniench\/","https:\/\/x.com\/alb_info","https:\/\/www.instagram.com\/alb_info\/"]}]}},"jetpack_sharing_enabled":true,"jetpack_shortlink":"https:\/\/wp.me\/P5VAQP-mG","_links":{"self":[{"href":"https:\/\/albanien.ch\/albanien_info\/wp-json\/wp\/v2\/pages\/1406","targetHints":{"allow":["GET"]}}],"collection":[{"href":"https:\/\/albanien.ch\/albanien_info\/wp-json\/wp\/v2\/pages"}],"about":[{"href":"https:\/\/albanien.ch\/albanien_info\/wp-json\/wp\/v2\/types\/page"}],"author":[{"embeddable":true,"href":"https:\/\/albanien.ch\/albanien_info\/wp-json\/wp\/v2\/users\/1"}],"replies":[{"embeddable":true,"href":"https:\/\/albanien.ch\/albanien_info\/wp-json\/wp\/v2\/comments?post=1406"}],"version-history":[{"count":7,"href":"https:\/\/albanien.ch\/albanien_info\/wp-json\/wp\/v2\/pages\/1406\/revisions"}],"predecessor-version":[{"id":3551,"href":"https:\/\/albanien.ch\/albanien_info\/wp-json\/wp\/v2\/pages\/1406\/revisions\/3551"}],"up":[{"embeddable":true,"href":"https:\/\/albanien.ch\/albanien_info\/wp-json\/wp\/v2\/pages\/16"}],"wp:featuredmedia":[{"embeddable":true,"href":"https:\/\/albanien.ch\/albanien_info\/wp-json\/wp\/v2\/media\/1422"}],"wp:attachment":[{"href":"https:\/\/albanien.ch\/albanien_info\/wp-json\/wp\/v2\/media?parent=1406"}],"wp:term":[{"taxonomy":"category","embeddable":true,"href":"https:\/\/albanien.ch\/albanien_info\/wp-json\/wp\/v2\/categories?post=1406"},{"taxonomy":"post_tag","embeddable":true,"href":"https:\/\/albanien.ch\/albanien_info\/wp-json\/wp\/v2\/tags?post=1406"}],"curies":[{"name":"wp","href":"https:\/\/api.w.org\/{rel}","templated":true}]}}