{"id":132,"date":"2022-09-09T18:37:00","date_gmt":"2022-09-09T16:37:00","guid":{"rendered":"https:\/\/albanien.ch\/albanien_info\/?p=132"},"modified":"2022-09-11T14:35:45","modified_gmt":"2022-09-11T12:35:45","slug":"verstaendigung-sprache","status":"publish","type":"page","link":"https:\/\/albanien.ch\/albanien_info\/verstaendigung-sprache\/","title":{"rendered":"Verst\u00e4ndigung &#038; Sprache"},"content":{"rendered":"<div class=\"wp-block-image\">\n<figure class=\"alignright\"><a href=\"https:\/\/www.albanien.ch\/albanien_info\/verstaendigung-sprache\/interview\/\"><img data-recalc-dims=\"1\" loading=\"lazy\" decoding=\"async\" width=\"300\" height=\"300\" data-attachment-id=\"139\" data-permalink=\"https:\/\/albanien.ch\/albanien_info\/verstaendigung-sprache\/interview\/\" data-orig-file=\"https:\/\/i0.wp.com\/albanien.ch\/albanien_info\/wp-content\/uploads\/2015\/03\/Interview.jpg?fit=1017%2C1017&amp;ssl=1\" data-orig-size=\"1017,1017\" data-comments-opened=\"1\" data-image-meta=\"{&quot;aperture&quot;:&quot;0&quot;,&quot;credit&quot;:&quot;&quot;,&quot;camera&quot;:&quot;&quot;,&quot;caption&quot;:&quot;&quot;,&quot;created_timestamp&quot;:&quot;0&quot;,&quot;copyright&quot;:&quot;&quot;,&quot;focal_length&quot;:&quot;0&quot;,&quot;iso&quot;:&quot;0&quot;,&quot;shutter_speed&quot;:&quot;0&quot;,&quot;title&quot;:&quot;&quot;,&quot;orientation&quot;:&quot;0&quot;}\" data-image-title=\"Interview\" data-image-description=\"&lt;p&gt;Interview in einem Bergdorf&lt;\/p&gt;\n\" data-image-caption=\"&lt;p&gt;Austausch zwischen Einheimischen und Durchreisenden&lt;\/p&gt;\n\" data-medium-file=\"https:\/\/i0.wp.com\/albanien.ch\/albanien_info\/wp-content\/uploads\/2015\/03\/Interview.jpg?fit=300%2C300&amp;ssl=1\" data-large-file=\"https:\/\/i0.wp.com\/albanien.ch\/albanien_info\/wp-content\/uploads\/2015\/03\/Interview.jpg?fit=525%2C525&amp;ssl=1\" src=\"https:\/\/i0.wp.com\/www.albanien.ch\/albanien_info\/wp-content\/uploads\/2015\/03\/Interview-300x300.jpg?resize=300%2C300&#038;ssl=1\" alt=\"Das Erlenen von etwas Albanisch erleichtert den Austausch mit den Einheimischen auf der Reise in Albanien\" class=\"wp-image-139\" srcset=\"https:\/\/i0.wp.com\/albanien.ch\/albanien_info\/wp-content\/uploads\/2015\/03\/Interview.jpg?resize=300%2C300&amp;ssl=1 300w, https:\/\/i0.wp.com\/albanien.ch\/albanien_info\/wp-content\/uploads\/2015\/03\/Interview.jpg?resize=150%2C150&amp;ssl=1 150w, https:\/\/i0.wp.com\/albanien.ch\/albanien_info\/wp-content\/uploads\/2015\/03\/Interview.jpg?resize=144%2C144&amp;ssl=1 144w, https:\/\/i0.wp.com\/albanien.ch\/albanien_info\/wp-content\/uploads\/2015\/03\/Interview.jpg?resize=350%2C350&amp;ssl=1 350w, https:\/\/i0.wp.com\/albanien.ch\/albanien_info\/wp-content\/uploads\/2015\/03\/Interview.jpg?resize=900%2C900&amp;ssl=1 900w, https:\/\/i0.wp.com\/albanien.ch\/albanien_info\/wp-content\/uploads\/2015\/03\/Interview.jpg?w=1017&amp;ssl=1 1017w\" sizes=\"auto, (max-width: 300px) 100vw, 300px\" \/><\/a><figcaption>Austausch zwischen Einheimischen und Reisenden<\/figcaption><\/figure><\/div>\n\n\n<p>Viele Albaner sprechen Fremdsprachen&nbsp;\u2013 meist Englisch, Italienisch oder Griechisch. Leider gibt es aber auch gerade in Bereichen, wo Kontakt zu Touristen besteht, viele Leute, die nur Albanisch sprechen.<\/p>\n\n\n\n<p>Solche Person reagieren manchmal etwas sch\u00fcchtern oder abweisend \u2013 mit Ruhe und etwas Geduld findet sich aber meist ein Kommunikationsweg. Gerne&nbsp;wird auch eine Person hinzugerufen, die eine Fremdsprache spricht. Und wenn alles nicht klappt, kann auch Google Translate helfen.<\/p>\n\n\n\n<p>Da in Albanien ausl\u00e4ndische Touristen noch nicht \u00fcberall allt\u00e4glich sind, schadet es nicht, ein paar Brocken Albanisch zu lernen. Ein paar Grundbegriffe \u2013 Begr\u00fcssungen, Zahlen, Lebensmittel \u2013&nbsp;erleichtern die t\u00e4glichen Besorgungen und erm\u00f6glicht einen ersten Kontakt zu den Menschen. Die wichtigsten Ausdr\u00fccke k\u00f6nnen Sie unserem&nbsp;<a class=\"urllink\" href=\"https:\/\/albanien.ch\/nla\/art\/Art43.html\" rel=\"nofollow\">Sprachkurs<\/a> entnehmen. In unserem Online-Forum findet sich auch ein <a href=\"https:\/\/albanien.ch\/forum\/p3\/viewtopic.php?f=5&amp;t=18852#p261252\" target=\"_blank\" rel=\"noreferrer noopener\">Kurz-Sprachkurs f\u00fcr die Reise<\/a> und eine <a href=\"http:\/\/www.albanien.ch\/forum\/newinst\/viewtopic.php?f=5&amp;t=178\" target=\"_blank\" rel=\"noreferrer noopener\">einf\u00fchrende Gramatik<\/a>.&nbsp;<\/p>\n\n\n\n<p>Albanisch ist als eigenst\u00e4ndige Sprache nicht einfach zu verstehen. Es haben sich aber zahlreiche Fremdw\u00f6rter eingeschlichen \u2013 wobei aber ein <em>Sandui\u00e7<\/em> nicht sofort gleich als belegtes Brot erkennbar ist. Insofern: Wer nicht Albanisch lernen m\u00f6chte, sollte doch zumindest anschauen, wie die Buchstaben ausgesprochen werden.<\/p>\n\n\n<div class=\"wp-block-image\">\n<figure class=\"alignright\"><a href=\"http:\/\/www.amazon.de\/gp\/product\/3831764247\/ref=as_li_tl?ie=UTF8&amp;camp=1638&amp;creative=19454&amp;creativeASIN=3831764247&amp;linkCode=as2&amp;tag=langweilige07-21&amp;linkId=H7JILEFBZOQ4ECMD\" target=\"_blank\" rel=\"noopener\"><img data-recalc-dims=\"1\" loading=\"lazy\" decoding=\"async\" width=\"98\" height=\"95\" data-attachment-id=\"458\" data-permalink=\"https:\/\/albanien.ch\/albanien_info\/verstaendigung-sprache\/kauderwelsch_albanisch\/\" data-orig-file=\"https:\/\/i0.wp.com\/albanien.ch\/albanien_info\/wp-content\/uploads\/2015\/03\/Kauderwelsch_Albanisch.jpg?fit=98%2C95&amp;ssl=1\" data-orig-size=\"98,95\" data-comments-opened=\"1\" data-image-meta=\"{&quot;aperture&quot;:&quot;0&quot;,&quot;credit&quot;:&quot;&quot;,&quot;camera&quot;:&quot;&quot;,&quot;caption&quot;:&quot;&quot;,&quot;created_timestamp&quot;:&quot;0&quot;,&quot;copyright&quot;:&quot;&quot;,&quot;focal_length&quot;:&quot;0&quot;,&quot;iso&quot;:&quot;0&quot;,&quot;shutter_speed&quot;:&quot;0&quot;,&quot;title&quot;:&quot;&quot;,&quot;orientation&quot;:&quot;0&quot;}\" data-image-title=\"Kauderwelsch Albanisch\" data-image-description=\"&lt;p&gt;&lt;strong&gt;Dieses Werk ist nicht unter einer Creative-Commons-Lizenz lizenziert!&lt;\/strong&gt;&lt;\/p&gt;\n\" data-image-caption=\"&lt;p&gt;Kauderwelch: Albanisch Wort f\u00fcr Wort; Axel und Christiane Jaenicke&lt;\/p&gt;\n\" data-medium-file=\"https:\/\/i0.wp.com\/albanien.ch\/albanien_info\/wp-content\/uploads\/2015\/03\/Kauderwelsch_Albanisch.jpg?fit=98%2C95&amp;ssl=1\" data-large-file=\"https:\/\/i0.wp.com\/albanien.ch\/albanien_info\/wp-content\/uploads\/2015\/03\/Kauderwelsch_Albanisch.jpg?fit=98%2C95&amp;ssl=1\" src=\"https:\/\/i0.wp.com\/www.albanien.ch\/albanien_info\/wp-content\/uploads\/2015\/03\/Kauderwelsch_Albanisch.jpg?resize=98%2C95&#038;ssl=1\" alt=\"Kauderwelch: Albanisch Wort f\u00fcr Wort; Axel und Christiane Jaenicke\" class=\"wp-image-458\"\/><\/a><\/figure><\/div>\n\n\n<p>F\u00fcr Individualreisende, die gerade auch etwas abgelegenere Regionen erkunden wollen, empfiehlt es sich aber doch, zumindest einen Reisef\u00fchrer mit gutem Sprachf\u00fchrer oder besser ein kleines W\u00f6rterbuch dabeizuhaben. So f\u00e4llt der Kontakt mit den Albanern leichter. Seit Jahren bew\u00e4hrt hat sich das B\u00fcchlein aus der Reihe <a href=\"http:\/\/www.amazon.de\/gp\/product\/3831764247\/ref=as_li_tl?ie=UTF8&amp;camp=1638&amp;creative=19454&amp;creativeASIN=3831764247&amp;linkCode=as2&amp;tag=langweilige07-21&amp;linkId=H7JILEFBZOQ4ECMD\" target=\"_blank\" rel=\"noopener\">Kauderwelsch: Albanisch Wort f\u00fcr Wort<\/a>. F\u00fcr Reisende, die sich vor allem in Kosova aufhalten, gibt es in der gleichen Reihe auch einen speziellen <a href=\"http:\/\/www.amazon.de\/gp\/product\/3831764255\/ref=as_li_tl?ie=UTF8&amp;camp=1638&amp;creative=19454&amp;creativeASIN=3831764255&amp;linkCode=as2&amp;tag=langweilige07-21&amp;linkId=Z65D7YPFOSCSYIRB\" target=\"_blank\" rel=\"noopener\">Sprachf\u00fchrer Kosovo-Albanisch<\/a>.<\/p>\n\n\n\t<div class=\"simple-alert-boxes sab_info sab_normal \">\r\n\t\t\n\n\n\n<p><a href=\"https:\/\/www.youtube.com\/channel\/UCOWHnRaoTMYsl9qo6XvHqHQ\" target=\"_blank\" rel=\"noreferrer noopener\"><i class=\"wp-svg-play play\"><\/i> YouTube-Kurs: Albanische Basics<\/a><\/p>\n\n\n\n<p><a href=\"https:\/\/www.youtube.com\/channel\/UCOWHnRaoTMYsl9qo6XvHqHQ\" target=\"_blank\" rel=\"noreferrer noopener\"><i class=\"wp-svg-bubbles-4 bubbles-4\"><\/i> Kurz-Sprachkurs f\u00fcr die Reise<\/a><\/p>\n\n\n\n<p><a href=\"https:\/\/www.youtube.com\/channel\/UCOWHnRaoTMYsl9qo6XvHqHQ\" target=\"_blank\" rel=\"noreferrer noopener\"><i class=\"wp-svg-fire fire\"><\/i> Unser kleiner Albanisch-Sprachkurs<\/a><\/p>\n\n\n\t<\/div>\r\n\t\n\n\n\n<p>&nbsp;<\/p>\n\n\n\n<div style=\"height:100px\" aria-hidden=\"true\" class=\"wp-block-spacer\"><\/div>\n\n\n\n<div class=\"wp-block-columns is-layout-flex wp-container-core-columns-is-layout-9d6595d7 wp-block-columns-is-layout-flex\">\n<div class=\"wp-block-column simple-alert-boxes sab_plain sab_small is-layout-flow wp-block-column-is-layout-flow\">\n<p class=\"has-small-font-size\">Wir <a href=\"https:\/\/albanien.ch\/albanien_info\/ueber-uns\/\">Autoren<\/a> dieser Seite bereisen Albanien teilweise schon sei 30 Jahren. Wir teilen hier unser Wissen und unsere pers\u00f6nlichen Erfahrungen. <a href=\"https:\/\/albanien.ch\/albanien_info\/ueber-uns\/feedback\/\">Feedback<\/a> ist immer willkommen.<\/p>\n<\/div>\n\n\n\n<div class=\"wp-block-column simple-alert-boxes sab_plain sab_small is-layout-flow wp-block-column-is-layout-flow\">\n<p class=\"has-small-font-size\"><strong>Vollst\u00e4ndig \u00fcberpr\u00fcft und \u00fcberarbeitet:<\/strong><\/p>\n\n\n<div class=\"wp-block-post-date has-small-font-size\"><time datetime=\"2022-09-09T18:37:00+02:00\">9. September 2022<\/time><\/div><\/div>\n\n\n\n<div class=\"wp-block-column simple-alert-boxes sab_plain sab_small is-layout-flow wp-block-column-is-layout-flow\">\n<p class=\"has-small-font-size\"><strong>Verwandte Themen:<\/strong><\/p>\n\n\n<div class=\"taxonomy-post_tag wp-block-post-terms\"><a href=\"https:\/\/albanien.ch\/albanien_info\/tag\/albanisch\/\" rel=\"tag\">Albanisch<\/a><span class=\"wp-block-post-terms__separator\">, <\/span><a href=\"https:\/\/albanien.ch\/albanien_info\/tag\/fremdsprachen\/\" rel=\"tag\">Fremdsprachen<\/a><span class=\"wp-block-post-terms__separator\">, <\/span><a href=\"https:\/\/albanien.ch\/albanien_info\/tag\/sprache\/\" rel=\"tag\">Sprache<\/a><span class=\"wp-block-post-terms__separator\">, <\/span><a href=\"https:\/\/albanien.ch\/albanien_info\/tag\/verstaendigung\/\" rel=\"tag\">Verst\u00e4ndigung<\/a><\/div><\/div>\n<\/div>\n","protected":false},"excerpt":{"rendered":"<p>Viele Albaner sprechen Fremdsprachen&nbsp;\u2013 meist Englisch, Italienisch oder Griechisch. Leider gibt es aber auch gerade in Bereichen, wo Kontakt zu Touristen besteht, viele Leute, die&hellip;<\/p>\n","protected":false},"author":1,"featured_media":139,"parent":0,"menu_order":0,"comment_status":"open","ping_status":"open","template":"","meta":{"jetpack_post_was_ever_published":false,"footnotes":""},"categories":[11],"tags":[21,81,8,82],"class_list":["post-132","page","type-page","status-publish","has-post-thumbnail","hentry","category-travel-tips","tag-albanisch","tag-fremdsprachen","tag-sprache","tag-verstaendigung"],"yoast_head":"<!-- This site is optimized with the Yoast SEO plugin v27.2 - https:\/\/yoast.com\/product\/yoast-seo-wordpress\/ -->\n<title>Albanisch auf der Reise &#8211; albanien.ch<\/title>\n<meta name=\"description\" content=\"Verst\u00e4nndigung und Sprache wenn unterwegs in Albanien \u2013\u00a0Online-Reisef\u00fchrer und weitere Landesinformationen aus erster Hand\" \/>\n<meta name=\"robots\" content=\"index, follow, max-snippet:-1, max-image-preview:large, max-video-preview:-1\" \/>\n<link rel=\"canonical\" href=\"https:\/\/albanien.ch\/albanien_info\/verstaendigung-sprache\/\" \/>\n<meta property=\"og:locale\" content=\"de_DE\" \/>\n<meta property=\"og:type\" content=\"article\" \/>\n<meta property=\"og:title\" content=\"Albanisch auf der Reise &#8211; albanien.ch\" \/>\n<meta property=\"og:description\" content=\"Verst\u00e4nndigung und Sprache wenn unterwegs in Albanien \u2013\u00a0Online-Reisef\u00fchrer und weitere Landesinformationen aus erster Hand\" \/>\n<meta property=\"og:url\" content=\"https:\/\/albanien.ch\/albanien_info\/verstaendigung-sprache\/\" \/>\n<meta property=\"og:site_name\" content=\"AlbINFO\" \/>\n<meta property=\"article:publisher\" content=\"https:\/\/www.facebook.com\/albaniench\/\" \/>\n<meta property=\"article:modified_time\" content=\"2022-09-11T12:35:45+00:00\" \/>\n<meta property=\"og:image\" content=\"https:\/\/albanien.ch\/albanien_info\/wp-content\/uploads\/2015\/03\/Interview.jpg\" \/>\n\t<meta property=\"og:image:width\" content=\"1017\" \/>\n\t<meta property=\"og:image:height\" content=\"1017\" \/>\n\t<meta property=\"og:image:type\" content=\"image\/jpeg\" \/>\n<meta name=\"twitter:card\" content=\"summary_large_image\" \/>\n<meta name=\"twitter:site\" content=\"@alb_info\" \/>\n<script type=\"application\/ld+json\" class=\"yoast-schema-graph\">{\"@context\":\"https:\/\/schema.org\",\"@graph\":[{\"@type\":\"WebPage\",\"@id\":\"https:\/\/albanien.ch\/albanien_info\/verstaendigung-sprache\/\",\"url\":\"https:\/\/albanien.ch\/albanien_info\/verstaendigung-sprache\/\",\"name\":\"Albanisch auf der Reise &#8211; albanien.ch\",\"isPartOf\":{\"@id\":\"https:\/\/albanien.ch\/albanien_info\/#website\"},\"primaryImageOfPage\":{\"@id\":\"https:\/\/albanien.ch\/albanien_info\/verstaendigung-sprache\/#primaryimage\"},\"image\":{\"@id\":\"https:\/\/albanien.ch\/albanien_info\/verstaendigung-sprache\/#primaryimage\"},\"thumbnailUrl\":\"https:\/\/i0.wp.com\/albanien.ch\/albanien_info\/wp-content\/uploads\/2015\/03\/Interview.jpg?fit=1017%2C1017&ssl=1\",\"datePublished\":\"2022-09-09T16:37:00+00:00\",\"dateModified\":\"2022-09-11T12:35:45+00:00\",\"description\":\"Verst\u00e4nndigung und Sprache wenn unterwegs in Albanien \u2013\u00a0Online-Reisef\u00fchrer und weitere Landesinformationen aus erster Hand\",\"breadcrumb\":{\"@id\":\"https:\/\/albanien.ch\/albanien_info\/verstaendigung-sprache\/#breadcrumb\"},\"inLanguage\":\"de\",\"potentialAction\":[{\"@type\":\"ReadAction\",\"target\":[\"https:\/\/albanien.ch\/albanien_info\/verstaendigung-sprache\/\"]}]},{\"@type\":\"ImageObject\",\"inLanguage\":\"de\",\"@id\":\"https:\/\/albanien.ch\/albanien_info\/verstaendigung-sprache\/#primaryimage\",\"url\":\"https:\/\/i0.wp.com\/albanien.ch\/albanien_info\/wp-content\/uploads\/2015\/03\/Interview.jpg?fit=1017%2C1017&ssl=1\",\"contentUrl\":\"https:\/\/i0.wp.com\/albanien.ch\/albanien_info\/wp-content\/uploads\/2015\/03\/Interview.jpg?fit=1017%2C1017&ssl=1\",\"width\":1017,\"height\":1017,\"caption\":\"Austausch zwischen Einheimischen und Durchreisenden\"},{\"@type\":\"BreadcrumbList\",\"@id\":\"https:\/\/albanien.ch\/albanien_info\/verstaendigung-sprache\/#breadcrumb\",\"itemListElement\":[{\"@type\":\"ListItem\",\"position\":1,\"name\":\"Home\",\"item\":\"https:\/\/albanien.ch\/albanien_info\/\"},{\"@type\":\"ListItem\",\"position\":2,\"name\":\"Verst\u00e4ndigung &#038; Sprache\"}]},{\"@type\":\"WebSite\",\"@id\":\"https:\/\/albanien.ch\/albanien_info\/#website\",\"url\":\"https:\/\/albanien.ch\/albanien_info\/\",\"name\":\"AlbINFO\",\"description\":\"Albanien Reiseinformationen von albanien.ch\",\"publisher\":{\"@id\":\"https:\/\/albanien.ch\/albanien_info\/#organization\"},\"potentialAction\":[{\"@type\":\"SearchAction\",\"target\":{\"@type\":\"EntryPoint\",\"urlTemplate\":\"https:\/\/albanien.ch\/albanien_info\/?s={search_term_string}\"},\"query-input\":{\"@type\":\"PropertyValueSpecification\",\"valueRequired\":true,\"valueName\":\"search_term_string\"}}],\"inLanguage\":\"de\"},{\"@type\":\"Organization\",\"@id\":\"https:\/\/albanien.ch\/albanien_info\/#organization\",\"name\":\"albanien.ch\",\"url\":\"https:\/\/albanien.ch\/albanien_info\/\",\"logo\":{\"@type\":\"ImageObject\",\"inLanguage\":\"de\",\"@id\":\"https:\/\/albanien.ch\/albanien_info\/#\/schema\/logo\/image\/\",\"url\":\"https:\/\/i0.wp.com\/albanien.ch\/albanien_info\/wp-content\/uploads\/2016\/11\/albaniench_square.png?fit=415%2C415&ssl=1\",\"contentUrl\":\"https:\/\/i0.wp.com\/albanien.ch\/albanien_info\/wp-content\/uploads\/2016\/11\/albaniench_square.png?fit=415%2C415&ssl=1\",\"width\":415,\"height\":415,\"caption\":\"albanien.ch\"},\"image\":{\"@id\":\"https:\/\/albanien.ch\/albanien_info\/#\/schema\/logo\/image\/\"},\"sameAs\":[\"https:\/\/www.facebook.com\/albaniench\/\",\"https:\/\/x.com\/alb_info\",\"https:\/\/www.instagram.com\/alb_info\/\"]}]}<\/script>\n<!-- \/ Yoast SEO plugin. -->","yoast_head_json":{"title":"Albanisch auf der Reise &#8211; albanien.ch","description":"Verst\u00e4nndigung und Sprache wenn unterwegs in Albanien \u2013\u00a0Online-Reisef\u00fchrer und weitere Landesinformationen aus erster Hand","robots":{"index":"index","follow":"follow","max-snippet":"max-snippet:-1","max-image-preview":"max-image-preview:large","max-video-preview":"max-video-preview:-1"},"canonical":"https:\/\/albanien.ch\/albanien_info\/verstaendigung-sprache\/","og_locale":"de_DE","og_type":"article","og_title":"Albanisch auf der Reise &#8211; albanien.ch","og_description":"Verst\u00e4nndigung und Sprache wenn unterwegs in Albanien \u2013\u00a0Online-Reisef\u00fchrer und weitere Landesinformationen aus erster Hand","og_url":"https:\/\/albanien.ch\/albanien_info\/verstaendigung-sprache\/","og_site_name":"AlbINFO","article_publisher":"https:\/\/www.facebook.com\/albaniench\/","article_modified_time":"2022-09-11T12:35:45+00:00","og_image":[{"width":1017,"height":1017,"url":"https:\/\/albanien.ch\/albanien_info\/wp-content\/uploads\/2015\/03\/Interview.jpg","type":"image\/jpeg"}],"twitter_card":"summary_large_image","twitter_site":"@alb_info","schema":{"@context":"https:\/\/schema.org","@graph":[{"@type":"WebPage","@id":"https:\/\/albanien.ch\/albanien_info\/verstaendigung-sprache\/","url":"https:\/\/albanien.ch\/albanien_info\/verstaendigung-sprache\/","name":"Albanisch auf der Reise &#8211; albanien.ch","isPartOf":{"@id":"https:\/\/albanien.ch\/albanien_info\/#website"},"primaryImageOfPage":{"@id":"https:\/\/albanien.ch\/albanien_info\/verstaendigung-sprache\/#primaryimage"},"image":{"@id":"https:\/\/albanien.ch\/albanien_info\/verstaendigung-sprache\/#primaryimage"},"thumbnailUrl":"https:\/\/i0.wp.com\/albanien.ch\/albanien_info\/wp-content\/uploads\/2015\/03\/Interview.jpg?fit=1017%2C1017&ssl=1","datePublished":"2022-09-09T16:37:00+00:00","dateModified":"2022-09-11T12:35:45+00:00","description":"Verst\u00e4nndigung und Sprache wenn unterwegs in Albanien \u2013\u00a0Online-Reisef\u00fchrer und weitere Landesinformationen aus erster Hand","breadcrumb":{"@id":"https:\/\/albanien.ch\/albanien_info\/verstaendigung-sprache\/#breadcrumb"},"inLanguage":"de","potentialAction":[{"@type":"ReadAction","target":["https:\/\/albanien.ch\/albanien_info\/verstaendigung-sprache\/"]}]},{"@type":"ImageObject","inLanguage":"de","@id":"https:\/\/albanien.ch\/albanien_info\/verstaendigung-sprache\/#primaryimage","url":"https:\/\/i0.wp.com\/albanien.ch\/albanien_info\/wp-content\/uploads\/2015\/03\/Interview.jpg?fit=1017%2C1017&ssl=1","contentUrl":"https:\/\/i0.wp.com\/albanien.ch\/albanien_info\/wp-content\/uploads\/2015\/03\/Interview.jpg?fit=1017%2C1017&ssl=1","width":1017,"height":1017,"caption":"Austausch zwischen Einheimischen und Durchreisenden"},{"@type":"BreadcrumbList","@id":"https:\/\/albanien.ch\/albanien_info\/verstaendigung-sprache\/#breadcrumb","itemListElement":[{"@type":"ListItem","position":1,"name":"Home","item":"https:\/\/albanien.ch\/albanien_info\/"},{"@type":"ListItem","position":2,"name":"Verst\u00e4ndigung &#038; Sprache"}]},{"@type":"WebSite","@id":"https:\/\/albanien.ch\/albanien_info\/#website","url":"https:\/\/albanien.ch\/albanien_info\/","name":"AlbINFO","description":"Albanien Reiseinformationen von albanien.ch","publisher":{"@id":"https:\/\/albanien.ch\/albanien_info\/#organization"},"potentialAction":[{"@type":"SearchAction","target":{"@type":"EntryPoint","urlTemplate":"https:\/\/albanien.ch\/albanien_info\/?s={search_term_string}"},"query-input":{"@type":"PropertyValueSpecification","valueRequired":true,"valueName":"search_term_string"}}],"inLanguage":"de"},{"@type":"Organization","@id":"https:\/\/albanien.ch\/albanien_info\/#organization","name":"albanien.ch","url":"https:\/\/albanien.ch\/albanien_info\/","logo":{"@type":"ImageObject","inLanguage":"de","@id":"https:\/\/albanien.ch\/albanien_info\/#\/schema\/logo\/image\/","url":"https:\/\/i0.wp.com\/albanien.ch\/albanien_info\/wp-content\/uploads\/2016\/11\/albaniench_square.png?fit=415%2C415&ssl=1","contentUrl":"https:\/\/i0.wp.com\/albanien.ch\/albanien_info\/wp-content\/uploads\/2016\/11\/albaniench_square.png?fit=415%2C415&ssl=1","width":415,"height":415,"caption":"albanien.ch"},"image":{"@id":"https:\/\/albanien.ch\/albanien_info\/#\/schema\/logo\/image\/"},"sameAs":["https:\/\/www.facebook.com\/albaniench\/","https:\/\/x.com\/alb_info","https:\/\/www.instagram.com\/alb_info\/"]}]}},"jetpack_sharing_enabled":true,"jetpack_shortlink":"https:\/\/wp.me\/P5VAQP-28","_links":{"self":[{"href":"https:\/\/albanien.ch\/albanien_info\/wp-json\/wp\/v2\/pages\/132","targetHints":{"allow":["GET"]}}],"collection":[{"href":"https:\/\/albanien.ch\/albanien_info\/wp-json\/wp\/v2\/pages"}],"about":[{"href":"https:\/\/albanien.ch\/albanien_info\/wp-json\/wp\/v2\/types\/page"}],"author":[{"embeddable":true,"href":"https:\/\/albanien.ch\/albanien_info\/wp-json\/wp\/v2\/users\/1"}],"replies":[{"embeddable":true,"href":"https:\/\/albanien.ch\/albanien_info\/wp-json\/wp\/v2\/comments?post=132"}],"version-history":[{"count":12,"href":"https:\/\/albanien.ch\/albanien_info\/wp-json\/wp\/v2\/pages\/132\/revisions"}],"predecessor-version":[{"id":6960,"href":"https:\/\/albanien.ch\/albanien_info\/wp-json\/wp\/v2\/pages\/132\/revisions\/6960"}],"wp:featuredmedia":[{"embeddable":true,"href":"https:\/\/albanien.ch\/albanien_info\/wp-json\/wp\/v2\/media\/139"}],"wp:attachment":[{"href":"https:\/\/albanien.ch\/albanien_info\/wp-json\/wp\/v2\/media?parent=132"}],"wp:term":[{"taxonomy":"category","embeddable":true,"href":"https:\/\/albanien.ch\/albanien_info\/wp-json\/wp\/v2\/categories?post=132"},{"taxonomy":"post_tag","embeddable":true,"href":"https:\/\/albanien.ch\/albanien_info\/wp-json\/wp\/v2\/tags?post=132"}],"curies":[{"name":"wp","href":"https:\/\/api.w.org\/{rel}","templated":true}]}}